{"id":7977,"date":"2025-10-03T00:16:45","date_gmt":"2025-10-02T22:16:45","guid":{"rendered":"https:\/\/zula-kids.pl\/nowy\/?post_type=product&#038;p=7977"},"modified":"2025-10-03T00:25:56","modified_gmt":"2025-10-02T22:25:56","slug":"lozeczko-dzieciece-milo-w-wersji-pojedynczej","status":"publish","type":"product","link":"https:\/\/zula-kids.pl\/nowy\/produkt\/lozeczko-dzieciece-milo-w-wersji-pojedynczej\/","title":{"rendered":"\u0141\u00f3\u017ceczko dzieci\u0119ce Milo w wersji pojedynczej"},"content":{"rendered":"<h2 data-start=\"443\" data-end=\"481\">\ud83d\udecf\ufe0f \u0141\u00f3\u017ceczko <strong data-start=\"459\" data-end=\"467\">Milo<\/strong> z pojemnikiem<\/h2>\n<p data-start=\"483\" data-end=\"677\"><strong data-start=\"483\" data-end=\"502\">Zestaw zawiera:<\/strong><br data-start=\"502\" data-end=\"505\" \/>\u2705 \u0142\u00f3\u017ceczko z prostym, nowoczesnym zag\u0142\u00f3wkiem<br data-start=\"549\" data-end=\"552\" \/>\u2705 <strong data-start=\"554\" data-end=\"599\">metalowy stela\u017c z listwami spr\u0119\u017cynuj\u0105cymi<\/strong> (g\u0142\u00f3wne spanie)<br data-start=\"615\" data-end=\"618\" \/>\u2705 <strong data-start=\"620\" data-end=\"644\">pojemnik pod \u0142\u00f3\u017ckiem<\/strong> \u2013 na po\u015bciel, koce lub zabawki<\/p>\n<p data-start=\"679\" data-end=\"750\">\ud83d\udeab <em data-start=\"682\" data-end=\"750\">Barierka i materac g\u0142\u00f3wny dost\u0119pne jako opcje dodatkowe \u2013 poni\u017cej.<\/em><\/p>\n<hr data-start=\"752\" data-end=\"755\" \/>\n<h3 data-start=\"757\" data-end=\"774\">\u2728 O produkcie<\/h3>\n<p data-start=\"776\" data-end=\"1106\">\u0141\u00f3\u017ceczko <strong data-start=\"785\" data-end=\"793\">Milo<\/strong> to minimalistyczna i ponadczasowa forma po\u0142\u0105czona z funkcjonalno\u015bci\u0105. Idealnie sprawdzi si\u0119 zar\u00f3wno w nowoczesnym, jak i klasycznym dzieci\u0119cym pokoju. W tej wersji wyposa\u017cone jest w <strong data-start=\"976\" data-end=\"999\">praktyczny pojemnik<\/strong>, kt\u00f3ry pomie\u015bci po\u015bciel, zabawki czy sezonowe tekstylia. To \u015bwietne rozwi\u0105zanie do mniejszych przestrzeni.<\/p>\n<hr data-start=\"1108\" data-end=\"1111\" \/>\n<h3 data-start=\"1113\" data-end=\"1138\">\ud83d\udce6 Co zawiera zestaw?<\/h3>\n<ul data-start=\"1140\" data-end=\"1330\">\n<li data-start=\"1140\" data-end=\"1205\">\n<p data-start=\"1142\" data-end=\"1205\">Konstrukcja \u0142\u00f3\u017ceczka z prostym, lekko zaokr\u0105glonym zag\u0142\u00f3wkiem<\/p>\n<\/li>\n<li data-start=\"1206\" data-end=\"1271\">\n<p data-start=\"1208\" data-end=\"1271\"><strong data-start=\"1208\" data-end=\"1253\">Metalowy stela\u017c z listwami spr\u0119\u017cynuj\u0105cymi<\/strong> (g\u0142\u00f3wne spanie)<\/p>\n<\/li>\n<li data-start=\"1272\" data-end=\"1330\">\n<p data-start=\"1274\" data-end=\"1330\"><strong data-start=\"1274\" data-end=\"1298\">Pojemnik pod \u0142\u00f3\u017ckiem<\/strong> \u2013 z dyskretnym dost\u0119pem od g\u00f3ry<\/p>\n<\/li>\n<\/ul>\n<hr data-start=\"1332\" data-end=\"1335\" \/>\n<h3 data-start=\"1337\" data-end=\"1374\">\ud83e\uddf8 Barierka ochronna (opcjonalna)<\/h3>\n<ul data-start=\"1376\" data-end=\"1677\">\n<li data-start=\"1376\" data-end=\"1460\">\n<p data-start=\"1378\" data-end=\"1460\">Barierka montowana jest <strong data-start=\"1402\" data-end=\"1439\">zawsze po prawej stronie \u0142\u00f3\u017ceczka<\/strong>, patrz\u0105c od frontu<\/p>\n<\/li>\n<li data-start=\"1461\" data-end=\"1546\">\n<p data-start=\"1463\" data-end=\"1546\">Jej funkcj\u0105 jest zabezpieczenie dziecka przed przypadkowym zsuni\u0119ciem si\u0119 z \u0142\u00f3\u017cka<\/p>\n<\/li>\n<li data-start=\"1547\" data-end=\"1628\">\n<p data-start=\"1549\" data-end=\"1628\">Jest <strong data-start=\"1554\" data-end=\"1570\">demontowalna<\/strong> \u2013 mo\u017cesz j\u0105 w ka\u017cdej chwili zdj\u0105\u0107 (bez u\u017cycia narz\u0119dzi)<\/p>\n<\/li>\n<li data-start=\"1629\" data-end=\"1677\">\n<p data-start=\"1631\" data-end=\"1677\">Brak mo\u017cliwo\u015bci zmiany strony monta\u017cu barierki<\/p>\n<\/li>\n<\/ul>\n<hr data-start=\"1679\" data-end=\"1682\" \/>\n<h3 data-start=\"1684\" data-end=\"1725\">\ud83d\udecf\ufe0f G\u0142\u00f3wny materac \u2013 wyb\u00f3r opcjonalny<\/h3>\n<p data-start=\"1727\" data-end=\"1762\">Materac nie jest wymagany \u2013 mo\u017cesz:<\/p>\n<ul data-start=\"1764\" data-end=\"1899\">\n<li data-start=\"1764\" data-end=\"1801\">\n<p data-start=\"1766\" data-end=\"1801\">doda\u0107 go od razu w konfiguratorze<\/p>\n<\/li>\n<li data-start=\"1802\" data-end=\"1845\">\n<p data-start=\"1804\" data-end=\"1845\">kupi\u0107 p\u00f3\u017aniej w zak\u0142adce <strong data-start=\"1829\" data-end=\"1843\">\u201eMaterace\u201d<\/strong><\/p>\n<\/li>\n<li data-start=\"1846\" data-end=\"1899\">\n<p data-start=\"1848\" data-end=\"1899\">lub u\u017cy\u0107 w\u0142asnego materaca o odpowiednich wymiarach<\/p>\n<\/li>\n<\/ul>\n<p data-start=\"1901\" data-end=\"1917\">Dost\u0119pne modele:<\/p>\n<div class=\"_tableContainer_80l1q_1\">\n<div class=\"_tableWrapper_80l1q_14 group flex w-fit flex-col-reverse\" tabindex=\"-1\">\n<table class=\"w-fit min-w-(--thread-content-width)\" data-start=\"1919\" data-end=\"2203\">\n<thead data-start=\"1919\" data-end=\"1951\">\n<tr data-start=\"1919\" data-end=\"1951\">\n<th data-start=\"1919\" data-end=\"1927\" data-col-size=\"sm\">Model<\/th>\n<th data-start=\"1927\" data-end=\"1936\" data-col-size=\"sm\">Budowa<\/th>\n<th data-start=\"1936\" data-end=\"1951\" data-col-size=\"md\">W\u0142a\u015bciwo\u015bci<\/th>\n<\/tr>\n<\/thead>\n<tbody data-start=\"1985\" data-end=\"2203\">\n<tr data-start=\"1985\" data-end=\"2095\">\n<td data-start=\"1985\" data-end=\"1998\" data-col-size=\"sm\"><strong data-start=\"1987\" data-end=\"1997\">Pocket<\/strong><\/td>\n<td data-col-size=\"sm\" data-start=\"1998\" data-end=\"2030\">Spr\u0119\u017cyny kieszeniowe + pianka<\/td>\n<td data-col-size=\"md\" data-start=\"2030\" data-end=\"2095\">Dwustronny, \u015brednio twardy (H3), wys. 15 cm, dobra wentylacja<\/td>\n<\/tr>\n<tr data-start=\"2096\" data-end=\"2203\">\n<td data-start=\"2096\" data-end=\"2108\" data-col-size=\"sm\"><strong data-start=\"2098\" data-end=\"2107\">Visco<\/strong><\/td>\n<td data-col-size=\"sm\" data-start=\"2108\" data-end=\"2142\">Pianka HR + warstwa memory foam<\/td>\n<td data-col-size=\"md\" data-start=\"2142\" data-end=\"2203\">Jednostronny, dopasowuje si\u0119 do cia\u0142a dziecka, komfortowy<\/td>\n<\/tr>\n<\/tbody>\n<\/table>\n<div class=\"sticky end-(--thread-content-margin) h-0 self-end select-none\">\n<div class=\"absolute end-0 flex items-end\"><\/div>\n<\/div>\n<\/div>\n<\/div>\n<p data-start=\"2205\" data-end=\"2266\">\ud83d\udccc <em data-start=\"2208\" data-end=\"2266\">Wyb\u00f3r materaca nie jest wymagany do z\u0142o\u017cenia zam\u00f3wienia.<\/em><\/p>\n<hr data-start=\"2268\" data-end=\"2271\" \/>\n<h3 data-start=\"2273\" data-end=\"2287\">\ud83d\udcd0 Wymiary<\/h3>\n<h4 data-start=\"2289\" data-end=\"2325\">\ud83d\udd39 Wymiary zewn\u0119trzne \u0142\u00f3\u017ceczka:<\/h4>\n<p data-start=\"2327\" data-end=\"2484\">Model <strong data-start=\"2333\" data-end=\"2341\">Milo<\/strong> ma zwart\u0105, symetryczn\u0105 form\u0119 \u2013 do d\u0142ugo\u015bci i szeroko\u015bci materaca nale\u017cy doda\u0107 <strong data-start=\"2420\" data-end=\"2432\">po 10 cm<\/strong>, aby otrzyma\u0107 rzeczywiste wymiary zewn\u0119trzne mebla:<\/p>\n<div class=\"_tableContainer_80l1q_1\">\n<div class=\"_tableWrapper_80l1q_14 group flex w-fit flex-col-reverse\" tabindex=\"-1\">\n<table class=\"w-fit min-w-(--thread-content-width)\" data-start=\"2486\" data-end=\"2641\">\n<thead data-start=\"2486\" data-end=\"2523\">\n<tr data-start=\"2486\" data-end=\"2523\">\n<th data-start=\"2486\" data-end=\"2496\" data-col-size=\"sm\">Materac<\/th>\n<th data-start=\"2496\" data-end=\"2523\" data-col-size=\"sm\">Wymiar zewn\u0119trzny \u0142\u00f3\u017cka<\/th>\n<\/tr>\n<\/thead>\n<tbody data-start=\"2562\" data-end=\"2641\">\n<tr data-start=\"2562\" data-end=\"2587\">\n<td data-start=\"2562\" data-end=\"2574\" data-col-size=\"sm\">160\u00d780 cm<\/td>\n<td data-col-size=\"sm\" data-start=\"2574\" data-end=\"2587\">170\u00d790 cm<\/td>\n<\/tr>\n<tr data-start=\"2588\" data-end=\"2614\">\n<td data-start=\"2588\" data-end=\"2600\" data-col-size=\"sm\">180\u00d790 cm<\/td>\n<td data-col-size=\"sm\" data-start=\"2600\" data-end=\"2614\">190\u00d7100 cm<\/td>\n<\/tr>\n<tr data-start=\"2615\" data-end=\"2641\">\n<td data-start=\"2615\" data-end=\"2627\" data-col-size=\"sm\">200\u00d790 cm<\/td>\n<td data-col-size=\"sm\" data-start=\"2627\" data-end=\"2641\">210\u00d7100 cm<\/td>\n<\/tr>\n<\/tbody>\n<\/table>\n<div class=\"sticky end-(--thread-content-margin) h-0 self-end select-none\">\n<div class=\"absolute end-0 flex items-end\"><\/div>\n<\/div>\n<\/div>\n<\/div>\n<h4 data-start=\"2643\" data-end=\"2668\">\ud83d\udd39 Wysoko\u015b\u0107 zag\u0142\u00f3wka<\/h4>\n<p data-start=\"2670\" data-end=\"2779\">Mierzona <strong data-start=\"2679\" data-end=\"2724\">od pod\u0142ogi do najwy\u017cszego punktu zag\u0142\u00f3wka<\/strong> \u2013 wybierasz j\u0105 w konfiguratorze (np. 80 cm lub 100 cm)<\/p>\n<hr data-start=\"2781\" data-end=\"2784\" \/>\n<h3 data-start=\"2786\" data-end=\"2814\">\ud83e\udeb5 Materia\u0142y i wykonanie<\/h3>\n<ul data-start=\"2816\" data-end=\"3043\">\n<li data-start=\"2816\" data-end=\"2859\">\n<p data-start=\"2818\" data-end=\"2859\">Konstrukcja z litego drewna + p\u0142yta MDF<\/p>\n<\/li>\n<li data-start=\"2860\" data-end=\"2916\">\n<p data-start=\"2862\" data-end=\"2916\">G\u0142adkie, zaokr\u0105glone kraw\u0119dzie bez ostrych element\u00f3w<\/p>\n<\/li>\n<li data-start=\"2917\" data-end=\"2982\">\n<p data-start=\"2919\" data-end=\"2982\">Farby i lakiery wodne z certyfikatem bezpiecze\u0144stwa (EN 71-3)<\/p>\n<\/li>\n<li data-start=\"2983\" data-end=\"3043\">\n<p data-start=\"2985\" data-end=\"3043\">Produkt wykonywany <strong data-start=\"3004\" data-end=\"3043\">r\u0119cznie, na indywidualne zam\u00f3wienie<\/strong><\/p>\n<\/li>\n<\/ul>\n<hr data-start=\"3045\" data-end=\"3048\" \/>\n<h3 data-start=\"3050\" data-end=\"3072\">\u23f1\ufe0f Czas realizacji<\/h3>\n<ul data-start=\"3074\" data-end=\"3188\">\n<li data-start=\"3074\" data-end=\"3108\">\n<p data-start=\"3076\" data-end=\"3108\">Produkcja trwa <strong data-start=\"3091\" data-end=\"3106\">8\u20139 tygodni<\/strong><\/p>\n<\/li>\n<li data-start=\"3109\" data-end=\"3188\">\n<p data-start=\"3111\" data-end=\"3188\">\u0141\u00f3\u017ceczko tworzone jest specjalnie dla Ciebie \u2013 zgodnie z wybran\u0105 konfiguracj\u0105<\/p>\n<\/li>\n<\/ul>\n<hr data-start=\"3190\" data-end=\"3193\" \/>\n<h3 data-start=\"3195\" data-end=\"3209\">\ud83d\ude9a Dostawa<\/h3>\n<ul data-start=\"3211\" data-end=\"3360\">\n<li data-start=\"3211\" data-end=\"3252\">\n<p data-start=\"3213\" data-end=\"3252\"><strong data-start=\"3213\" data-end=\"3250\">Darmowa dostawa na terenie Polski<\/strong><\/p>\n<\/li>\n<li data-start=\"3253\" data-end=\"3302\">\n<p data-start=\"3255\" data-end=\"3302\">Transport pod wskazany adres (bez wniesienia)<\/p>\n<\/li>\n<li data-start=\"3303\" data-end=\"3360\">\n<p data-start=\"3305\" data-end=\"3360\">Mo\u017cliwo\u015b\u0107 dokupienia opcji <strong data-start=\"3332\" data-end=\"3360\">wniesienia i\/lub monta\u017cu<\/strong><\/p>\n<\/li>\n<\/ul>\n","protected":false},"excerpt":{"rendered":"<p>\ud83d\udecf\ufe0f \u0141\u00f3\u017ceczko Milo z pojemnikiem Zestaw zawiera:\u2705 \u0142\u00f3\u017ceczko z prostym, nowoczesnym zag\u0142\u00f3wkiem\u2705 metalowy stela\u017c z listwami spr\u0119\u017cynuj\u0105cymi (g\u0142\u00f3wne spanie)\u2705 pojemnik pod \u0142\u00f3\u017ckiem \u2013 na po\u015bciel, koce lub zabawki \ud83d\udeab Barierka i materac g\u0142\u00f3wny dost\u0119pne jako opcje dodatkowe \u2013 poni\u017cej. \u2728 O produkcie \u0141\u00f3\u017ceczko Milo to minimalistyczna i ponadczasowa forma po\u0142\u0105czona z funkcjonalno\u015bci\u0105. Idealnie sprawdzi si\u0119 [&hellip;]<\/p>\n","protected":false},"featured_media":7980,"comment_status":"open","ping_status":"closed","template":"","meta":[],"product_brand":[],"product_cat":[90],"product_tag":[],"class_list":{"0":"post-7977","1":"product","2":"type-product","3":"status-publish","4":"has-post-thumbnail","6":"product_cat-lozka-dzieciece","7":"tm-has-options","9":"first","10":"instock","11":"shipping-taxable","12":"purchasable","13":"product-type-simple"},"_links":{"self":[{"href":"https:\/\/zula-kids.pl\/nowy\/wp-json\/wp\/v2\/product\/7977","targetHints":{"allow":["GET"]}}],"collection":[{"href":"https:\/\/zula-kids.pl\/nowy\/wp-json\/wp\/v2\/product"}],"about":[{"href":"https:\/\/zula-kids.pl\/nowy\/wp-json\/wp\/v2\/types\/product"}],"replies":[{"embeddable":true,"href":"https:\/\/zula-kids.pl\/nowy\/wp-json\/wp\/v2\/comments?post=7977"}],"wp:featuredmedia":[{"embeddable":true,"href":"https:\/\/zula-kids.pl\/nowy\/wp-json\/wp\/v2\/media\/7980"}],"wp:attachment":[{"href":"https:\/\/zula-kids.pl\/nowy\/wp-json\/wp\/v2\/media?parent=7977"}],"wp:term":[{"taxonomy":"product_brand","embeddable":true,"href":"https:\/\/zula-kids.pl\/nowy\/wp-json\/wp\/v2\/product_brand?post=7977"},{"taxonomy":"product_cat","embeddable":true,"href":"https:\/\/zula-kids.pl\/nowy\/wp-json\/wp\/v2\/product_cat?post=7977"},{"taxonomy":"product_tag","embeddable":true,"href":"https:\/\/zula-kids.pl\/nowy\/wp-json\/wp\/v2\/product_tag?post=7977"}],"curies":[{"name":"wp","href":"https:\/\/api.w.org\/{rel}","templated":true}]}}