{"id":7967,"date":"2025-10-02T23:51:12","date_gmt":"2025-10-02T21:51:12","guid":{"rendered":"https:\/\/zula-kids.pl\/nowy\/?post_type=product&#038;p=7967"},"modified":"2025-10-02T23:51:37","modified_gmt":"2025-10-02T21:51:37","slug":"lozeczko-dzieciece-nela-w-wersji-z-dodatkowym-rownym-spaniem","status":"publish","type":"product","link":"https:\/\/zula-kids.pl\/nowy\/produkt\/lozeczko-dzieciece-nela-w-wersji-z-dodatkowym-rownym-spaniem\/","title":{"rendered":"\u0141\u00f3\u017ceczko dzieci\u0119ce Nela w wersji z dodatkowym r\u00f3wnym spaniem"},"content":{"rendered":"<p>\u0141\u00f3\u017cko Nela to praktyczne i eleganckie rozwi\u0105zanie do pokoju dzieci\u0119cego. Charakteryzuje si\u0119 <strong>funkcj\u0105 rozk\u0142adania, kt\u00f3ra pozwala na zaoszcz\u0119dzenie miejsca, jednocze\u015bnie oferuj\u0105c dodatkow\u0105 powierzchni\u0119 spania. Po roz\u0142o\u017ceniu obie powierzchnie tworz\u0105 r\u00f3wn\u0105 i komfortow\u0105 przestrze\u0144<\/strong>, co zapewnia wygodny i zdrowy sen.<\/p>\n<p>\u0141\u00f3\u017cko wyr\u00f3\u017cnia si\u0119 <strong>solidn\u0105 konstrukcj\u0105, co gwarantuje bezpiecze\u0144stwo u\u017cytkowania. Elegancki zag\u0142\u00f3wek z zaokr\u0105glonymi panelami nadaje mu nowoczesny i przytulny wygl\u0105d. Obicie wykonane jest z wysokiej jako\u015bci materia\u0142\u00f3w<\/strong>, kt\u00f3re s\u0105 \u0142atwe do utrzymania w czysto\u015bci, co sprawia, \u017ce jest to rozwi\u0105zanie praktyczne dla rodzin z dzie\u0107mi.<\/p>\n<p>Dodatkowe \u0142\u00f3\u017cko wysuwane jest \u015bwietnym pomys\u0142em, gdy potrzebna jest przestrze\u0144 dla rodze\u0144stwa lub go\u015bci, zachowuj\u0105c jednocze\u015bnie porz\u0105dek i funkcjonalno\u015b\u0107. To model idealny dla os\u00f3b, kt\u00f3re ceni\u0105 <strong>estetyk\u0119, wygod\u0119 i wszechstronno\u015b\u0107<\/strong> w aran\u017cacji wn\u0119trz dzieci\u0119cych.<\/p>\n<p>Jako firma oferujemy produkty tworzone z pasj\u0105 i dba\u0142o\u015bci\u0105 o detale, r\u0119cznie wykonane i dostosowane do potrzeb klient\u00f3w, gwarantuj\u0105c <strong>wysok\u0105 jako\u015b\u0107 i trwa\u0142o\u015b\u0107<\/strong> naszych rozwi\u0105za\u0144.<\/p>\n<p>\u0141\u00f3\u017ceczko Nela w wersji z dodatkowym r\u00f3wnym spaniem wyst\u0119puje w komplecie \u017ce stela\u017cem metalowym oraz wbudowanym ju\u017c dodatkowym materacem ( piankowym )<\/p>\n<p>Standardowe wymiary \u0142\u00f3zka np : 90 cm x 180 cm ( wymiary materaca )<br \/>\nZewn\u0119trzne wymiary to 102 cm x 192 cm<br \/>\nWysoko\u015b\u0107 wezg\u0142owia H-100 cm w najwy\u017cszym punkcie.<br \/>\nWysoko\u015b\u0107 Skrzyni 32 cm<br \/>\nDo ka\u017cdego wybranego wymiaru materaca nale\u017cy doliczy\u0107<br \/>\n+ 15 cm na g\u0142\u0119boko\u015bci<br \/>\n+ 15 cm na d\u0142ugo\u015bci<br \/>\nDodatkowy materac ma g\u0142\u0119boko\u015b\u0107 tylko 65 cm i nie ma mozliwosci wykonania g\u0142\u0119bszego.<br \/>\nDla przyk\u0142adu :<br \/>\nG\u0142\u00f3wny Materac 80 cm + 65 cm dodatkowy = 145 cm po roz\u0142o\u017ceniu<br \/>\nG\u0142owny Materac 90 cm + 65 cm dodatkowy = 155 cm po roz\u0142o\u017ceniu<br \/>\nD\u0142ugo\u015b\u0107 materaca pozostaje bez zmian i jest taka sama jak g\u0142\u00f3wny materac.<br \/>\nWysokosc Materaca G\u0142ownego nie mo\u017ce by\u0107 wy\u017csza jak max 15 cm Poniewa\u017c nie utworzymy wtedy r\u00f3wnej powierzchni spania.<br \/>\nMaterac mo\u017cna zakupi\u0107 w opcjach konfiguratora<br \/>\nBarierk\u0119 nale\u017cy zakupi\u0107 oddzielnie<\/p>\n","protected":false},"excerpt":{"rendered":"<p>\u0141\u00f3\u017cko Nela to praktyczne i eleganckie rozwi\u0105zanie do pokoju dzieci\u0119cego. Charakteryzuje si\u0119 funkcj\u0105 rozk\u0142adania, kt\u00f3ra pozwala na zaoszcz\u0119dzenie miejsca, jednocze\u015bnie oferuj\u0105c dodatkow\u0105 powierzchni\u0119 spania. Po roz\u0142o\u017ceniu obie powierzchnie tworz\u0105 r\u00f3wn\u0105 i komfortow\u0105 przestrze\u0144, co zapewnia wygodny i zdrowy sen. \u0141\u00f3\u017cko wyr\u00f3\u017cnia si\u0119 solidn\u0105 konstrukcj\u0105, co gwarantuje bezpiecze\u0144stwo u\u017cytkowania. Elegancki zag\u0142\u00f3wek z zaokr\u0105glonymi panelami nadaje mu [&hellip;]<\/p>\n","protected":false},"featured_media":7970,"comment_status":"open","ping_status":"closed","template":"","meta":[],"product_brand":[],"product_cat":[90],"product_tag":[],"class_list":{"0":"post-7967","1":"product","2":"type-product","3":"status-publish","4":"has-post-thumbnail","6":"product_cat-lozka-dzieciece","7":"tm-has-options","9":"first","10":"instock","11":"shipping-taxable","12":"purchasable","13":"product-type-simple"},"_links":{"self":[{"href":"https:\/\/zula-kids.pl\/nowy\/wp-json\/wp\/v2\/product\/7967","targetHints":{"allow":["GET"]}}],"collection":[{"href":"https:\/\/zula-kids.pl\/nowy\/wp-json\/wp\/v2\/product"}],"about":[{"href":"https:\/\/zula-kids.pl\/nowy\/wp-json\/wp\/v2\/types\/product"}],"replies":[{"embeddable":true,"href":"https:\/\/zula-kids.pl\/nowy\/wp-json\/wp\/v2\/comments?post=7967"}],"wp:featuredmedia":[{"embeddable":true,"href":"https:\/\/zula-kids.pl\/nowy\/wp-json\/wp\/v2\/media\/7970"}],"wp:attachment":[{"href":"https:\/\/zula-kids.pl\/nowy\/wp-json\/wp\/v2\/media?parent=7967"}],"wp:term":[{"taxonomy":"product_brand","embeddable":true,"href":"https:\/\/zula-kids.pl\/nowy\/wp-json\/wp\/v2\/product_brand?post=7967"},{"taxonomy":"product_cat","embeddable":true,"href":"https:\/\/zula-kids.pl\/nowy\/wp-json\/wp\/v2\/product_cat?post=7967"},{"taxonomy":"product_tag","embeddable":true,"href":"https:\/\/zula-kids.pl\/nowy\/wp-json\/wp\/v2\/product_tag?post=7967"}],"curies":[{"name":"wp","href":"https:\/\/api.w.org\/{rel}","templated":true}]}}