{"id":712,"date":"2024-12-17T19:39:24","date_gmt":"2024-12-17T18:39:24","guid":{"rendered":"https:\/\/zula-kids.pl\/nowy\/?post_type=product&#038;p=712"},"modified":"2025-10-03T00:04:28","modified_gmt":"2025-10-02T22:04:28","slug":"lozeczko-chmurka-w-wersji-z-dodatkowym-rownym-spaniem-wystepuje-w-komplecie-ze-stelazem-drewnianymi-oraz-wbudowanym-juz-dodatkowym-materacem-piankowym","status":"publish","type":"product","link":"https:\/\/zula-kids.pl\/nowy\/produkt\/lozeczko-chmurka-w-wersji-z-dodatkowym-rownym-spaniem-wystepuje-w-komplecie-ze-stelazem-drewnianymi-oraz-wbudowanym-juz-dodatkowym-materacem-piankowym\/","title":{"rendered":"\u0141\u00f3\u017ceczko dzieci\u0119ce Chmurka w wersji z dodatkowym r\u00f3wnym spaniem"},"content":{"rendered":"<h2 data-start=\"444\" data-end=\"501\">\ud83d\udecf\ufe0f \u0141\u00f3\u017ceczko <strong data-start=\"460\" data-end=\"471\">Chmurka<\/strong> z dodatkowym r\u00f3wnym spaniem<\/h2>\n<p data-start=\"502\" data-end=\"741\"><strong data-start=\"502\" data-end=\"521\">Zestaw zawiera:<\/strong> \u0142\u00f3\u017ceczko + <strong data-start=\"533\" data-end=\"578\">metalowy stela\u017c z listwami spr\u0119\u017cynuj\u0105cymi<\/strong> + wysuwane spanie z wbudowanym piankowym materacem o szeroko\u015bci 65 cm<br data-start=\"648\" data-end=\"651\" \/><em data-start=\"651\" data-end=\"741\">(barierka ochronna i g\u0142\u00f3wny materac nie s\u0105 w zestawie \u2013 mo\u017cesz dobra\u0107 je osobno poni\u017cej)<\/em><\/p>\n<blockquote data-start=\"743\" data-end=\"967\">\n<p data-start=\"745\" data-end=\"967\">\ud83d\udd14 <strong data-start=\"748\" data-end=\"758\">Wa\u017cne:<\/strong> aby powierzchnia po roz\u0142o\u017ceniu by\u0142a r\u00f3wna, <strong data-start=\"802\" data-end=\"850\">g\u0142\u00f3wny materac nie mo\u017ce by\u0107 wy\u017cszy ni\u017c 15 cm<\/strong>.<br data-start=\"851\" data-end=\"854\" \/>Mo\u017cesz wybra\u0107 materac z naszego konfiguratora lub u\u017cy\u0107 w\u0142asnego, <strong data-start=\"921\" data-end=\"966\">pod warunkiem \u017ce ma maks. 15 cm wysoko\u015bci<\/strong>.<\/p>\n<\/blockquote>\n<hr data-start=\"969\" data-end=\"972\" \/>\n<h3 data-start=\"974\" data-end=\"994\">\u2728 Opis produktu:<\/h3>\n<p data-start=\"996\" data-end=\"1256\">\u0141\u00f3\u017ceczko <strong data-start=\"1005\" data-end=\"1016\">Chmurka<\/strong> z dodatkowym r\u00f3wnym spaniem to harmonijne po\u0142\u0105czenie uroku i funkcjonalno\u015bci. Zaokr\u0105glony zag\u0142\u00f3wek w kszta\u0142cie chmurki wprowadza bajkowy klimat do dzieci\u0119cego pokoju, a wysuwane dodatkowe spanie sprawia, \u017ce \u0142\u00f3\u017cko jest niezwykle praktyczne.<\/p>\n<p data-start=\"1258\" data-end=\"1404\">Dodatkowe spanie wysuwa si\u0119 spod g\u0142\u00f3wnego materaca i znajduje na tej samej wysoko\u015bci \u2013 tworz\u0105c <strong data-start=\"1353\" data-end=\"1396\">r\u00f3wn\u0105, jednolit\u0105 i wygodn\u0105 powierzchni\u0119<\/strong> do snu.<\/p>\n<hr data-start=\"1406\" data-end=\"1409\" \/>\n<h3 data-start=\"1411\" data-end=\"1436\">\ud83d\udce6 Co zawiera zestaw:<\/h3>\n<p data-start=\"1438\" data-end=\"1592\">\u2705 Rama \u0142\u00f3\u017ceczka<br data-start=\"1453\" data-end=\"1456\" \/>\u2705 <strong data-start=\"1458\" data-end=\"1503\">Metalowy stela\u017c z listwami spr\u0119\u017cynuj\u0105cymi<\/strong> \u2013 elastyczny i trwa\u0142y<br data-start=\"1525\" data-end=\"1528\" \/>\u2705 Wysuwane spanie z wbudowanym piankowym materacem (szer. 65 cm)<\/p>\n<p data-start=\"1594\" data-end=\"1731\">\ud83d\udeab <strong data-start=\"1597\" data-end=\"1629\">Barierka nie jest w zestawie<\/strong> \u2013 mo\u017cesz doda\u0107 j\u0105 poni\u017cej<br data-start=\"1655\" data-end=\"1658\" \/>\ud83d\udeab <strong data-start=\"1661\" data-end=\"1679\">G\u0142\u00f3wny materac<\/strong> \u2013 wybierany osobno lub w\u0142asny (max 15 cm wysoko\u015bci)<\/p>\n<hr data-start=\"1733\" data-end=\"1736\" \/>\n<h3 data-start=\"1738\" data-end=\"1767\">\ud83d\udd04 Wyb\u00f3r strony \u0142\u00f3\u017ceczka:<\/h3>\n<p data-start=\"1769\" data-end=\"1877\">Stron\u0119 \u0142\u00f3\u017cka okre\u015blasz <strong data-start=\"1792\" data-end=\"1813\">patrz\u0105c od frontu<\/strong> \u2013 po kt\u00f3rej stronie znajduje si\u0119 <strong data-start=\"1847\" data-end=\"1876\">zag\u0142\u00f3wek (wy\u017cszy element)<\/strong>:<\/p>\n<ul data-start=\"1879\" data-end=\"2011\">\n<li data-start=\"1879\" data-end=\"1945\">\n<p data-start=\"1881\" data-end=\"1945\">Wersja <strong data-start=\"1888\" data-end=\"1897\">prawa<\/strong> = zag\u0142\u00f3wek po prawej stronie (jak na zdj\u0119ciu)<\/p>\n<\/li>\n<li data-start=\"1946\" data-end=\"2011\">\n<p data-start=\"1948\" data-end=\"2011\">Wersja <strong data-start=\"1955\" data-end=\"1963\">lewa<\/strong> = zag\u0142\u00f3wek po lewej stronie (lustrzane odbicie)<\/p>\n<\/li>\n<\/ul>\n<p data-start=\"2013\" data-end=\"2082\">\ud83d\uddbc\ufe0f Mo\u017cesz sprawdzi\u0107 stron\u0119 na rysunku technicznym z widokiem z g\u00f3ry.<\/p>\n<hr data-start=\"2084\" data-end=\"2087\" \/>\n<h3 data-start=\"2089\" data-end=\"2118\">\ud83d\udd27 Barierka \u2013 informacje:<\/h3>\n<ul data-start=\"2120\" data-end=\"2278\">\n<li data-start=\"2120\" data-end=\"2203\">\n<p data-start=\"2122\" data-end=\"2203\">Montowana zawsze po <strong data-start=\"2142\" data-end=\"2175\">tej samej stronie co zag\u0142\u00f3wek<\/strong> \u2013 nie mo\u017cna jej prze\u0142o\u017cy\u0107<\/p>\n<\/li>\n<li data-start=\"2204\" data-end=\"2278\">\n<p data-start=\"2206\" data-end=\"2278\"><strong data-start=\"2206\" data-end=\"2222\">Demontowalna<\/strong> \u2013 mo\u017cesz j\u0105 \u0142atwo zdejmowa\u0107 i zak\u0142ada\u0107 w razie potrzeby<\/p>\n<\/li>\n<\/ul>\n<hr data-start=\"2280\" data-end=\"2283\" \/>\n<h3 data-start=\"2285\" data-end=\"2327\">\ud83d\udecf\ufe0f G\u0142\u00f3wny materac \u2013 wyb\u00f3r opcjonalny:<\/h3>\n<p data-start=\"2329\" data-end=\"2336\">Mo\u017cesz:<\/p>\n<ul data-start=\"2338\" data-end=\"2465\">\n<li data-start=\"2338\" data-end=\"2368\">\n<p data-start=\"2340\" data-end=\"2368\">dobra\u0107 go w konfiguratorze<\/p>\n<\/li>\n<li data-start=\"2369\" data-end=\"2412\">\n<p data-start=\"2371\" data-end=\"2412\">kupi\u0107 p\u00f3\u017aniej w zak\u0142adce <strong data-start=\"2396\" data-end=\"2410\">\u201eMaterace\u201d<\/strong><\/p>\n<\/li>\n<li data-start=\"2413\" data-end=\"2465\">\n<p data-start=\"2415\" data-end=\"2465\">lub u\u017cy\u0107 w\u0142asnego \u2013 <strong data-start=\"2435\" data-end=\"2465\">wa\u017cne: max 15 cm wysoko\u015bci<\/strong><\/p>\n<\/li>\n<\/ul>\n<p data-start=\"2467\" data-end=\"2487\"><strong data-start=\"2467\" data-end=\"2487\">Dost\u0119pne modele:<\/strong><\/p>\n<div class=\"_tableContainer_80l1q_1\">\n<div class=\"_tableWrapper_80l1q_14 group flex w-fit flex-col-reverse\" tabindex=\"-1\">\n<table class=\"w-fit min-w-(--thread-content-width)\" data-start=\"2489\" data-end=\"2767\">\n<thead data-start=\"2489\" data-end=\"2521\">\n<tr data-start=\"2489\" data-end=\"2521\">\n<th data-start=\"2489\" data-end=\"2497\" data-col-size=\"sm\">Model<\/th>\n<th data-start=\"2497\" data-end=\"2506\" data-col-size=\"sm\">Budowa<\/th>\n<th data-start=\"2506\" data-end=\"2521\" data-col-size=\"md\">W\u0142a\u015bciwo\u015bci<\/th>\n<\/tr>\n<\/thead>\n<tbody data-start=\"2555\" data-end=\"2767\">\n<tr data-start=\"2555\" data-end=\"2665\">\n<td data-start=\"2555\" data-end=\"2568\" data-col-size=\"sm\"><strong data-start=\"2557\" data-end=\"2567\">Pocket<\/strong><\/td>\n<td data-col-size=\"sm\" data-start=\"2568\" data-end=\"2600\">Spr\u0119\u017cyny kieszeniowe + pianka<\/td>\n<td data-col-size=\"md\" data-start=\"2600\" data-end=\"2665\">Dwustronny, \u015brednio twardy (H3), wys. 15 cm, dobra wentylacja<\/td>\n<\/tr>\n<tr data-start=\"2666\" data-end=\"2767\">\n<td data-start=\"2666\" data-end=\"2678\" data-col-size=\"sm\"><strong data-start=\"2668\" data-end=\"2677\">Visco<\/strong><\/td>\n<td data-col-size=\"sm\" data-start=\"2678\" data-end=\"2706\">Pianka HR + pianka memory<\/td>\n<td data-col-size=\"md\" data-start=\"2706\" data-end=\"2767\">Jednostronny, dopasowuje si\u0119 do cia\u0142a dziecka, komfortowy<\/td>\n<\/tr>\n<\/tbody>\n<\/table>\n<div class=\"sticky end-(--thread-content-margin) h-0 self-end select-none\">\n<div class=\"absolute end-0 flex items-end\"><\/div>\n<\/div>\n<\/div>\n<\/div>\n<hr data-start=\"2769\" data-end=\"2772\" \/>\n<h3 data-start=\"2774\" data-end=\"2809\">\ud83d\udcd0 Wymiary zewn\u0119trzne \u0142\u00f3\u017ceczka:<\/h3>\n<p data-start=\"2811\" data-end=\"2915\">Dodaj <strong data-start=\"2817\" data-end=\"2839\">+15 cm do d\u0142ugo\u015bci<\/strong> i <strong data-start=\"2842\" data-end=\"2875\">+15 cm do szeroko\u015bci materaca<\/strong>, aby uzyska\u0107 rzeczywiste wymiary \u0142\u00f3\u017cka:<\/p>\n<div class=\"_tableContainer_80l1q_1\">\n<div class=\"_tableWrapper_80l1q_14 group flex w-fit flex-col-reverse\" tabindex=\"-1\">\n<table class=\"w-fit min-w-(--thread-content-width)\" data-start=\"2917\" data-end=\"3072\">\n<thead data-start=\"2917\" data-end=\"2954\">\n<tr data-start=\"2917\" data-end=\"2954\">\n<th data-start=\"2917\" data-end=\"2927\" data-col-size=\"sm\">Materac<\/th>\n<th data-start=\"2927\" data-end=\"2954\" data-col-size=\"sm\">Wymiar zewn\u0119trzny \u0142\u00f3\u017cka<\/th>\n<\/tr>\n<\/thead>\n<tbody data-start=\"2993\" data-end=\"3072\">\n<tr data-start=\"2993\" data-end=\"3018\">\n<td data-start=\"2993\" data-end=\"3005\" data-col-size=\"sm\">160\u00d780 cm<\/td>\n<td data-col-size=\"sm\" data-start=\"3005\" data-end=\"3018\">175\u00d795 cm<\/td>\n<\/tr>\n<tr data-start=\"3019\" data-end=\"3045\">\n<td data-start=\"3019\" data-end=\"3031\" data-col-size=\"sm\">180\u00d790 cm<\/td>\n<td data-col-size=\"sm\" data-start=\"3031\" data-end=\"3045\">195\u00d7105 cm<\/td>\n<\/tr>\n<tr data-start=\"3046\" data-end=\"3072\">\n<td data-start=\"3046\" data-end=\"3058\" data-col-size=\"sm\">200\u00d790 cm<\/td>\n<td data-col-size=\"sm\" data-start=\"3058\" data-end=\"3072\">215\u00d7105 cm<\/td>\n<\/tr>\n<\/tbody>\n<\/table>\n<div class=\"sticky end-(--thread-content-margin) h-0 self-end select-none\">\n<div class=\"absolute end-0 flex items-end\"><\/div>\n<\/div>\n<\/div>\n<\/div>\n<hr data-start=\"3074\" data-end=\"3077\" \/>\n<h3 data-start=\"3079\" data-end=\"3104\">\ud83d\udccf Wysoko\u015b\u0107 zag\u0142\u00f3wka:<\/h3>\n<p data-start=\"3106\" data-end=\"3219\">Mierzona <strong data-start=\"3115\" data-end=\"3160\">od pod\u0142ogi do najwy\u017cszego punktu zag\u0142\u00f3wka<\/strong> \u2013 wybierasz j\u0105 podczas konfiguracji (np. 80 cm lub 100 cm)<\/p>\n<hr data-start=\"3221\" data-end=\"3224\" \/>\n<h3 data-start=\"3226\" data-end=\"3257\">\ud83e\udeb5 Materia\u0142y i wyko\u0144czenie:<\/h3>\n<ul data-start=\"3259\" data-end=\"3418\">\n<li data-start=\"3259\" data-end=\"3280\">\n<p data-start=\"3261\" data-end=\"3280\">Lite drewno + MDF<\/p>\n<\/li>\n<li data-start=\"3281\" data-end=\"3329\">\n<p data-start=\"3283\" data-end=\"3329\">Zaokr\u0105glone kraw\u0119dzie, bezpieczne dla dzieci<\/p>\n<\/li>\n<li data-start=\"3330\" data-end=\"3368\">\n<p data-start=\"3332\" data-end=\"3368\">Farby wodne z certyfikatem EN 71-3<\/p>\n<\/li>\n<li data-start=\"3369\" data-end=\"3418\">\n<p data-start=\"3371\" data-end=\"3418\">\u0141\u00f3\u017cko wykonywane <strong data-start=\"3388\" data-end=\"3418\">na indywidualne zam\u00f3wienie<\/strong><\/p>\n<\/li>\n<\/ul>\n<hr data-start=\"3420\" data-end=\"3423\" \/>\n<h3 data-start=\"3425\" data-end=\"3458\">\u23f1\ufe0f Czas realizacji i dostawa:<\/h3>\n<ul data-start=\"3460\" data-end=\"3587\">\n<li data-start=\"3460\" data-end=\"3490\">\n<p data-start=\"3462\" data-end=\"3490\">Produkcja: <strong data-start=\"3473\" data-end=\"3488\">8\u20139 tygodni<\/strong><\/p>\n<\/li>\n<li data-start=\"3491\" data-end=\"3528\">\n<p data-start=\"3493\" data-end=\"3528\">Darmowa dostawa na terenie Polski<\/p>\n<\/li>\n<li data-start=\"3529\" data-end=\"3587\">\n<p data-start=\"3531\" data-end=\"3587\">Mo\u017cliwo\u015b\u0107 dokupienia us\u0142ugi <strong data-start=\"3559\" data-end=\"3587\">wniesienia i\/lub monta\u017cu<\/strong><\/p>\n<\/li>\n<\/ul>\n","protected":false},"excerpt":{"rendered":"<p>\ud83d\udecf\ufe0f \u0141\u00f3\u017ceczko Chmurka z dodatkowym r\u00f3wnym spaniem Zestaw zawiera: \u0142\u00f3\u017ceczko + metalowy stela\u017c z listwami spr\u0119\u017cynuj\u0105cymi + wysuwane spanie z wbudowanym piankowym materacem o szeroko\u015bci 65 cm(barierka ochronna i g\u0142\u00f3wny materac nie s\u0105 w zestawie \u2013 mo\u017cesz dobra\u0107 je osobno poni\u017cej) \ud83d\udd14 Wa\u017cne: aby powierzchnia po roz\u0142o\u017ceniu by\u0142a r\u00f3wna, g\u0142\u00f3wny materac nie mo\u017ce by\u0107 wy\u017cszy [&hellip;]<\/p>\n","protected":false},"featured_media":7383,"comment_status":"open","ping_status":"closed","template":"","meta":[],"product_brand":[],"product_cat":[90],"product_tag":[],"class_list":{"0":"post-712","1":"product","2":"type-product","3":"status-publish","4":"has-post-thumbnail","6":"product_cat-lozka-dzieciece","7":"tm-has-options","9":"first","10":"instock","11":"shipping-taxable","12":"purchasable","13":"product-type-simple"},"_links":{"self":[{"href":"https:\/\/zula-kids.pl\/nowy\/wp-json\/wp\/v2\/product\/712","targetHints":{"allow":["GET"]}}],"collection":[{"href":"https:\/\/zula-kids.pl\/nowy\/wp-json\/wp\/v2\/product"}],"about":[{"href":"https:\/\/zula-kids.pl\/nowy\/wp-json\/wp\/v2\/types\/product"}],"replies":[{"embeddable":true,"href":"https:\/\/zula-kids.pl\/nowy\/wp-json\/wp\/v2\/comments?post=712"}],"wp:featuredmedia":[{"embeddable":true,"href":"https:\/\/zula-kids.pl\/nowy\/wp-json\/wp\/v2\/media\/7383"}],"wp:attachment":[{"href":"https:\/\/zula-kids.pl\/nowy\/wp-json\/wp\/v2\/media?parent=712"}],"wp:term":[{"taxonomy":"product_brand","embeddable":true,"href":"https:\/\/zula-kids.pl\/nowy\/wp-json\/wp\/v2\/product_brand?post=712"},{"taxonomy":"product_cat","embeddable":true,"href":"https:\/\/zula-kids.pl\/nowy\/wp-json\/wp\/v2\/product_cat?post=712"},{"taxonomy":"product_tag","embeddable":true,"href":"https:\/\/zula-kids.pl\/nowy\/wp-json\/wp\/v2\/product_tag?post=712"}],"curies":[{"name":"wp","href":"https:\/\/api.w.org\/{rel}","templated":true}]}}