{"id":402,"date":"2024-12-08T20:20:01","date_gmt":"2024-12-08T19:20:01","guid":{"rendered":"https:\/\/zula-kids.pl\/nowy\/?post_type=product&#038;p=402"},"modified":"2025-10-02T23:47:27","modified_gmt":"2025-10-02T21:47:27","slug":"lozeczko-milo-w-wersji-z-szuflada-oraz-dodatkowym-spaniem","status":"publish","type":"product","link":"https:\/\/zula-kids.pl\/nowy\/produkt\/lozeczko-milo-w-wersji-z-szuflada-oraz-dodatkowym-spaniem\/","title":{"rendered":"\u0141\u00f3\u017ceczko dzieci\u0119ce Milo w wersji z szuflada oraz dodatkowym spaniem"},"content":{"rendered":"<h2 data-start=\"486\" data-end=\"555\">\ud83d\udecf\ufe0f \u0141\u00f3\u017ceczko <strong data-start=\"502\" data-end=\"510\">Milo<\/strong> z szuflad\u0105 i dodatkowym spaniem okazjonalnym<\/h2>\n<p data-start=\"557\" data-end=\"790\"><strong data-start=\"557\" data-end=\"576\">Zestaw zawiera:<\/strong><br data-start=\"576\" data-end=\"579\" \/>\u2705 \u0142\u00f3\u017ceczko z prostym, nowoczesnym zag\u0142\u00f3wkiem<br data-start=\"623\" data-end=\"626\" \/>\u2705 <strong data-start=\"628\" data-end=\"673\">metalowy stela\u017c z listwami spr\u0119\u017cynuj\u0105cymi<\/strong> (g\u0142\u00f3wne spanie)<br data-start=\"689\" data-end=\"692\" \/>\u2705 <strong data-start=\"694\" data-end=\"747\">szuflada z wbudowanym twardym materacem piankowym<\/strong> \u2013 funkcja pojemnika i okazjonalnego spania<\/p>\n<p data-start=\"792\" data-end=\"873\">\ud83d\udeab <em data-start=\"795\" data-end=\"873\">Barierka i g\u0142\u00f3wny materac wybierane osobno \u2013 poni\u017cej konfiguratora produktu.<\/em><\/p>\n<hr data-start=\"875\" data-end=\"878\" \/>\n<h3 data-start=\"880\" data-end=\"897\">\u2728 O produkcie<\/h3>\n<p data-start=\"899\" data-end=\"1148\">\u0141\u00f3\u017ceczko <strong data-start=\"908\" data-end=\"916\">Milo<\/strong> z szuflad\u0105 to po\u0142\u0105czenie nowoczesnego wygl\u0105du i funkcjonalno\u015bci. Wbudowana szuflada pe\u0142ni podw\u00f3jn\u0105 rol\u0119: <strong data-start=\"1022\" data-end=\"1056\">pojemnika na po\u015bciel i zabawki<\/strong> oraz <strong data-start=\"1062\" data-end=\"1086\">okazjonalnego spania<\/strong> \u2013 idealnego dla go\u015bci, rodze\u0144stwa lub drzemek w ci\u0105gu dnia.<\/p>\n<p data-start=\"1150\" data-end=\"1381\">Szuflada zawiera <strong data-start=\"1167\" data-end=\"1204\">wbudowany twardy materac piankowy<\/strong>, dzi\u0119ki czemu jest gotowa do u\u017cytku od razu po rozpakowaniu. Je\u015bli do \u0142\u00f3\u017cka dodasz barierk\u0119 \u2013 <strong data-start=\"1299\" data-end=\"1334\">wysuwa si\u0119 ona razem z szuflad\u0105<\/strong>, zapewniaj\u0105c wygodne i bezpieczne u\u017cytkowanie.<\/p>\n<hr data-start=\"1383\" data-end=\"1386\" \/>\n<h3 data-start=\"1388\" data-end=\"1413\">\ud83d\udce6 Co zawiera zestaw?<\/h3>\n<ul data-start=\"1415\" data-end=\"1602\">\n<li data-start=\"1415\" data-end=\"1448\">\n<p data-start=\"1417\" data-end=\"1448\">Rama \u0142\u00f3\u017ceczka w modelu \u201eMilo\u201d<\/p>\n<\/li>\n<li data-start=\"1449\" data-end=\"1511\">\n<p data-start=\"1451\" data-end=\"1511\"><strong data-start=\"1451\" data-end=\"1509\">Metalowy stela\u017c z elastycznymi listwami spr\u0119\u017cynuj\u0105cymi<\/strong><\/p>\n<\/li>\n<li data-start=\"1512\" data-end=\"1602\">\n<p data-start=\"1514\" data-end=\"1602\"><strong data-start=\"1514\" data-end=\"1559\">Szuflada z wbudowanym materacem piankowym<\/strong> \u2013 do spania okazjonalnego i przechowywania<\/p>\n<\/li>\n<\/ul>\n<hr data-start=\"1604\" data-end=\"1607\" \/>\n<h3 data-start=\"1609\" data-end=\"1657\">\ud83e\uddf8 Barierka ochronna (wybierana opcjonalnie)<\/h3>\n<ul data-start=\"1659\" data-end=\"1905\">\n<li data-start=\"1659\" data-end=\"1734\">\n<p data-start=\"1661\" data-end=\"1734\">Barierka montowana jest po <strong data-start=\"1688\" data-end=\"1712\">prawej stronie \u0142\u00f3\u017cka<\/strong> (patrz\u0105c od frontu)<\/p>\n<\/li>\n<li data-start=\"1735\" data-end=\"1791\">\n<p data-start=\"1737\" data-end=\"1791\">Przykr\u0119cana do szuflady \u2013 <strong data-start=\"1763\" data-end=\"1789\">wysuwa si\u0119 razem z ni\u0105<\/strong><\/p>\n<\/li>\n<li data-start=\"1792\" data-end=\"1837\">\n<p data-start=\"1794\" data-end=\"1837\">Zapewnia dodatkowe bezpiecze\u0144stwo dziecku<\/p>\n<\/li>\n<li data-start=\"1838\" data-end=\"1905\">\n<p data-start=\"1840\" data-end=\"1905\">Mo\u017cna j\u0105 w ka\u017cdej chwili zdj\u0105\u0107 (demontowalna bez u\u017cycia narz\u0119dzi)<\/p>\n<\/li>\n<\/ul>\n<hr data-start=\"1907\" data-end=\"1910\" \/>\n<h3 data-start=\"1912\" data-end=\"1953\">\ud83d\udecf\ufe0f G\u0142\u00f3wny materac \u2013 wyb\u00f3r opcjonalny<\/h3>\n<p data-start=\"1955\" data-end=\"1993\">Materac nie jest obowi\u0105zkowy \u2013 mo\u017cesz:<\/p>\n<ul data-start=\"1995\" data-end=\"2130\">\n<li data-start=\"1995\" data-end=\"2031\">\n<p data-start=\"1997\" data-end=\"2031\">wybra\u0107 go teraz w konfiguratorze<\/p>\n<\/li>\n<li data-start=\"2032\" data-end=\"2077\">\n<p data-start=\"2034\" data-end=\"2077\">zakupi\u0107 p\u00f3\u017aniej w zak\u0142adce <strong data-start=\"2061\" data-end=\"2075\">\u201eMaterace\u201d<\/strong><\/p>\n<\/li>\n<li data-start=\"2078\" data-end=\"2130\">\n<p data-start=\"2080\" data-end=\"2130\">lub u\u017cy\u0107 w\u0142asnego materaca w odpowiednim rozmiarze<\/p>\n<\/li>\n<\/ul>\n<p data-start=\"2132\" data-end=\"2147\">Dost\u0119pne opcje:<\/p>\n<div class=\"_tableContainer_80l1q_1\">\n<div class=\"_tableWrapper_80l1q_14 group flex w-fit flex-col-reverse\" tabindex=\"-1\">\n<table class=\"w-fit min-w-(--thread-content-width)\" data-start=\"2149\" data-end=\"2433\">\n<thead data-start=\"2149\" data-end=\"2181\">\n<tr data-start=\"2149\" data-end=\"2181\">\n<th data-start=\"2149\" data-end=\"2157\" data-col-size=\"sm\">Model<\/th>\n<th data-start=\"2157\" data-end=\"2166\" data-col-size=\"sm\">Budowa<\/th>\n<th data-start=\"2166\" data-end=\"2181\" data-col-size=\"md\">W\u0142a\u015bciwo\u015bci<\/th>\n<\/tr>\n<\/thead>\n<tbody data-start=\"2215\" data-end=\"2433\">\n<tr data-start=\"2215\" data-end=\"2325\">\n<td data-start=\"2215\" data-end=\"2228\" data-col-size=\"sm\"><strong data-start=\"2217\" data-end=\"2227\">Pocket<\/strong><\/td>\n<td data-col-size=\"sm\" data-start=\"2228\" data-end=\"2260\">Spr\u0119\u017cyny kieszeniowe + pianka<\/td>\n<td data-col-size=\"md\" data-start=\"2260\" data-end=\"2325\">Dwustronny, \u015brednio twardy (H3), wys. 15 cm, dobra wentylacja<\/td>\n<\/tr>\n<tr data-start=\"2326\" data-end=\"2433\">\n<td data-start=\"2326\" data-end=\"2338\" data-col-size=\"sm\"><strong data-start=\"2328\" data-end=\"2337\">Visco<\/strong><\/td>\n<td data-col-size=\"sm\" data-start=\"2338\" data-end=\"2372\">Pianka HR + warstwa memory foam<\/td>\n<td data-col-size=\"md\" data-start=\"2372\" data-end=\"2433\">Jednostronny, dopasowuje si\u0119 do cia\u0142a dziecka, komfortowy<\/td>\n<\/tr>\n<\/tbody>\n<\/table>\n<div class=\"sticky end-(--thread-content-margin) h-0 self-end select-none\">\n<div class=\"absolute end-0 flex items-end\"><\/div>\n<\/div>\n<\/div>\n<\/div>\n<p data-start=\"2435\" data-end=\"2479\">\ud83d\udccc <em data-start=\"2438\" data-end=\"2479\">Brak wyboru = brak materaca w zestawie.<\/em><\/p>\n<hr data-start=\"2481\" data-end=\"2484\" \/>\n<h3 data-start=\"2486\" data-end=\"2500\">\ud83d\udcd0 Wymiary<\/h3>\n<h4 data-start=\"2502\" data-end=\"2552\">\ud83d\udd39 Wymiary materaca wbudowanego w szufladzie:<\/h4>\n<ul data-start=\"2554\" data-end=\"2766\">\n<li data-start=\"2554\" data-end=\"2624\">\n<p data-start=\"2556\" data-end=\"2624\"><strong data-start=\"2556\" data-end=\"2588\">Dla \u0142\u00f3\u017cek o szeroko\u015bci 80 cm<\/strong> \u2013 materac ma <strong data-start=\"2602\" data-end=\"2622\">67 cm szeroko\u015bci<\/strong><\/p>\n<\/li>\n<li data-start=\"2625\" data-end=\"2699\">\n<p data-start=\"2627\" data-end=\"2699\"><strong data-start=\"2627\" data-end=\"2663\">Dla \u0142\u00f3\u017cek o szeroko\u015bci 90\u2013140 cm<\/strong> \u2013 materac ma <strong data-start=\"2677\" data-end=\"2697\">80 cm szeroko\u015bci<\/strong><\/p>\n<\/li>\n<li data-start=\"2700\" data-end=\"2766\">\n<p data-start=\"2702\" data-end=\"2766\">D\u0142ugo\u015b\u0107 materaca = d\u0142ugo\u015b\u0107 wybranego \u0142\u00f3\u017ceczka (np. 160 \/ 180 cm)<\/p>\n<\/li>\n<\/ul>\n<p data-start=\"2768\" data-end=\"2875\">\ud83d\udecf\ufe0f Funkcja spania w szufladzie jest przeznaczona do <strong data-start=\"2821\" data-end=\"2845\">okazjonalnego u\u017cytku<\/strong> (np. drzemki, noclegi go\u015bci).<\/p>\n<h4 data-start=\"2877\" data-end=\"2913\">\ud83d\udd39 Wymiary zewn\u0119trzne \u0142\u00f3\u017ceczka:<\/h4>\n<p data-start=\"2915\" data-end=\"2992\">Model <strong data-start=\"2921\" data-end=\"2929\">Milo<\/strong> ma zwart\u0105, geometryczn\u0105 form\u0119 \u2013 ca\u0142kowity rozmiar \u0142\u00f3\u017ceczka to:<\/p>\n<p data-start=\"2994\" data-end=\"3055\">\ud83d\udcd0 <strong data-start=\"2997\" data-end=\"3019\">+10 cm do d\u0142ugo\u015bci<\/strong> i <strong data-start=\"3022\" data-end=\"3055\">+10 cm do szeroko\u015bci materaca<\/strong><\/p>\n<div class=\"_tableContainer_80l1q_1\">\n<div class=\"_tableWrapper_80l1q_14 group flex w-fit flex-col-reverse\" tabindex=\"-1\">\n<table class=\"w-fit min-w-(--thread-content-width)\" data-start=\"3057\" data-end=\"3212\">\n<thead data-start=\"3057\" data-end=\"3094\">\n<tr data-start=\"3057\" data-end=\"3094\">\n<th data-start=\"3057\" data-end=\"3067\" data-col-size=\"sm\">Materac<\/th>\n<th data-start=\"3067\" data-end=\"3094\" data-col-size=\"sm\">Wymiar zewn\u0119trzny \u0142\u00f3\u017cka<\/th>\n<\/tr>\n<\/thead>\n<tbody data-start=\"3133\" data-end=\"3212\">\n<tr data-start=\"3133\" data-end=\"3158\">\n<td data-start=\"3133\" data-end=\"3145\" data-col-size=\"sm\">160\u00d780 cm<\/td>\n<td data-col-size=\"sm\" data-start=\"3145\" data-end=\"3158\">170\u00d790 cm<\/td>\n<\/tr>\n<tr data-start=\"3159\" data-end=\"3185\">\n<td data-start=\"3159\" data-end=\"3171\" data-col-size=\"sm\">180\u00d790 cm<\/td>\n<td data-col-size=\"sm\" data-start=\"3171\" data-end=\"3185\">190\u00d7100 cm<\/td>\n<\/tr>\n<tr data-start=\"3186\" data-end=\"3212\">\n<td data-start=\"3186\" data-end=\"3198\" data-col-size=\"sm\">200\u00d790 cm<\/td>\n<td data-col-size=\"sm\" data-start=\"3198\" data-end=\"3212\">210\u00d7100 cm<\/td>\n<\/tr>\n<\/tbody>\n<\/table>\n<div class=\"sticky end-(--thread-content-margin) h-0 self-end select-none\">\n<div class=\"absolute end-0 flex items-end\"><\/div>\n<\/div>\n<\/div>\n<\/div>\n<h4 data-start=\"3214\" data-end=\"3239\">\ud83d\udd39 Wysoko\u015b\u0107 zag\u0142\u00f3wka<\/h4>\n<p data-start=\"3241\" data-end=\"3347\">Wysoko\u015b\u0107 mierzona <strong data-start=\"3259\" data-end=\"3295\">od pod\u0142ogi do najwy\u017cszego punktu<\/strong> \u2013 wybierasz w konfiguratorze (np. 80 cm lub 100 cm)<\/p>\n<hr data-start=\"3349\" data-end=\"3352\" \/>\n<h3 data-start=\"3354\" data-end=\"3384\">\ud83e\udeb5 Materia\u0142y i wyko\u0144czenie<\/h3>\n<ul data-start=\"3386\" data-end=\"3588\">\n<li data-start=\"3386\" data-end=\"3429\">\n<p data-start=\"3388\" data-end=\"3429\">Lite drewno + wysokogatunkowa p\u0142yta MDF<\/p>\n<\/li>\n<li data-start=\"3430\" data-end=\"3475\">\n<p data-start=\"3432\" data-end=\"3475\">G\u0142adkie kraw\u0119dzie, bezpieczne wyko\u0144czenie<\/p>\n<\/li>\n<li data-start=\"3476\" data-end=\"3524\">\n<p data-start=\"3478\" data-end=\"3524\">Farby i lakiery wodne z certyfikatem EN 71-3<\/p>\n<\/li>\n<li data-start=\"3525\" data-end=\"3588\">\n<p data-start=\"3527\" data-end=\"3588\">Ka\u017cde \u0142\u00f3\u017cko wykonujemy <strong data-start=\"3550\" data-end=\"3588\">r\u0119cznie na indywidualne zam\u00f3wienie<\/strong><\/p>\n<\/li>\n<\/ul>\n<hr data-start=\"3590\" data-end=\"3593\" \/>\n<h3 data-start=\"3595\" data-end=\"3617\">\u23f1\ufe0f Czas realizacji<\/h3>\n<ul data-start=\"3619\" data-end=\"3714\">\n<li data-start=\"3619\" data-end=\"3649\">\n<p data-start=\"3621\" data-end=\"3649\">Produkcja: <strong data-start=\"3632\" data-end=\"3647\">8\u20139 tygodni<\/strong><\/p>\n<\/li>\n<li data-start=\"3650\" data-end=\"3714\">\n<p data-start=\"3652\" data-end=\"3714\">Tworzone specjalnie dla Ciebie, zgodnie z wybran\u0105 konfiguracj\u0105<\/p>\n<\/li>\n<\/ul>\n<hr data-start=\"3716\" data-end=\"3719\" \/>\n<h3 data-start=\"3721\" data-end=\"3735\">\ud83d\ude9a Dostawa<\/h3>\n<ul data-start=\"3737\" data-end=\"3887\">\n<li data-start=\"3737\" data-end=\"3778\">\n<p data-start=\"3739\" data-end=\"3778\"><strong data-start=\"3739\" data-end=\"3776\">Darmowa dostawa na terenie Polski<\/strong><\/p>\n<\/li>\n<li data-start=\"3779\" data-end=\"3828\">\n<p data-start=\"3781\" data-end=\"3828\">Transport pod wskazany adres (bez wniesienia)<\/p>\n<\/li>\n<li data-start=\"3829\" data-end=\"3887\">\n<p data-start=\"3831\" data-end=\"3887\">Mo\u017cliwo\u015b\u0107 dokupienia us\u0142ugi <strong data-start=\"3859\" data-end=\"3887\">wniesienia i\/lub monta\u017cu<\/strong><\/p>\n<\/li>\n<\/ul>\n","protected":false},"excerpt":{"rendered":"<p>\ud83d\udecf\ufe0f \u0141\u00f3\u017ceczko Milo z szuflad\u0105 i dodatkowym spaniem okazjonalnym Zestaw zawiera:\u2705 \u0142\u00f3\u017ceczko z prostym, nowoczesnym zag\u0142\u00f3wkiem\u2705 metalowy stela\u017c z listwami spr\u0119\u017cynuj\u0105cymi (g\u0142\u00f3wne spanie)\u2705 szuflada z wbudowanym twardym materacem piankowym \u2013 funkcja pojemnika i okazjonalnego spania \ud83d\udeab Barierka i g\u0142\u00f3wny materac wybierane osobno \u2013 poni\u017cej konfiguratora produktu. \u2728 O produkcie \u0141\u00f3\u017ceczko Milo z szuflad\u0105 to po\u0142\u0105czenie [&hellip;]<\/p>\n","protected":false},"featured_media":7349,"comment_status":"open","ping_status":"closed","template":"","meta":[],"product_brand":[],"product_cat":[90],"product_tag":[],"class_list":{"0":"post-402","1":"product","2":"type-product","3":"status-publish","4":"has-post-thumbnail","6":"product_cat-lozka-dzieciece","7":"tm-has-options","9":"first","10":"instock","11":"shipping-taxable","12":"purchasable","13":"product-type-simple"},"_links":{"self":[{"href":"https:\/\/zula-kids.pl\/nowy\/wp-json\/wp\/v2\/product\/402","targetHints":{"allow":["GET"]}}],"collection":[{"href":"https:\/\/zula-kids.pl\/nowy\/wp-json\/wp\/v2\/product"}],"about":[{"href":"https:\/\/zula-kids.pl\/nowy\/wp-json\/wp\/v2\/types\/product"}],"replies":[{"embeddable":true,"href":"https:\/\/zula-kids.pl\/nowy\/wp-json\/wp\/v2\/comments?post=402"}],"wp:featuredmedia":[{"embeddable":true,"href":"https:\/\/zula-kids.pl\/nowy\/wp-json\/wp\/v2\/media\/7349"}],"wp:attachment":[{"href":"https:\/\/zula-kids.pl\/nowy\/wp-json\/wp\/v2\/media?parent=402"}],"wp:term":[{"taxonomy":"product_brand","embeddable":true,"href":"https:\/\/zula-kids.pl\/nowy\/wp-json\/wp\/v2\/product_brand?post=402"},{"taxonomy":"product_cat","embeddable":true,"href":"https:\/\/zula-kids.pl\/nowy\/wp-json\/wp\/v2\/product_cat?post=402"},{"taxonomy":"product_tag","embeddable":true,"href":"https:\/\/zula-kids.pl\/nowy\/wp-json\/wp\/v2\/product_tag?post=402"}],"curies":[{"name":"wp","href":"https:\/\/api.w.org\/{rel}","templated":true}]}}