{"id":1173,"date":"2025-01-18T21:39:37","date_gmt":"2025-01-18T20:39:37","guid":{"rendered":"https:\/\/zula-kids.pl\/nowy\/?post_type=product&#038;p=1173"},"modified":"2025-10-03T00:06:58","modified_gmt":"2025-10-02T22:06:58","slug":"lozeczko-naomi-z-szuflada-oraz-dodatkowym-spaniem","status":"publish","type":"product","link":"https:\/\/zula-kids.pl\/nowy\/produkt\/lozeczko-naomi-z-szuflada-oraz-dodatkowym-spaniem\/","title":{"rendered":"\u0141\u00f3\u017ceczko dzieci\u0119ce Naomi z szuflada oraz dodatkowym spaniem"},"content":{"rendered":"<h2 data-start=\"715\" data-end=\"787\">\ud83d\udecf\ufe0f \u0141\u00f3\u017ceczko <strong data-start=\"731\" data-end=\"740\">Naomi<\/strong> z szuflad\u0105 i dodatkowym okazjonalnym spaniem<\/h2>\n<p data-start=\"788\" data-end=\"992\"><strong data-start=\"788\" data-end=\"807\">Zestaw zawiera:<\/strong> \u0142\u00f3\u017ceczko + drewniany stela\u017c + dolna szuflada z pojemnikiem i wbudowanym piankowym materacem<br data-start=\"899\" data-end=\"902\" \/><em data-start=\"902\" data-end=\"992\">(barierka ochronna i g\u0142\u00f3wny materac nie s\u0105 w zestawie \u2013 mo\u017cesz dobra\u0107 je osobno poni\u017cej)<\/em><\/p>\n<blockquote data-start=\"994\" data-end=\"1205\">\n<p data-start=\"996\" data-end=\"1205\">\ud83d\udd14 <strong data-start=\"999\" data-end=\"1009\">Wa\u017cne:<\/strong> \u0142\u00f3\u017ceczko <strong data-start=\"1019\" data-end=\"1055\">Naomi ma konstrukcj\u0119 uniwersaln\u0105<\/strong> \u2013 wyb\u00f3r strony (lewa\/prawa) NIE wp\u0142ywa na jego budow\u0119.<br data-start=\"1110\" data-end=\"1113\" \/>Barierka ochronna zawsze montowana jest po <strong data-start=\"1158\" data-end=\"1176\">prawej stronie<\/strong>, patrz\u0105c od frontu \u0142\u00f3\u017ceczka.<\/p>\n<\/blockquote>\n<hr data-start=\"1207\" data-end=\"1210\" \/>\n<h3 data-start=\"1212\" data-end=\"1232\">\u2728 Opis produktu:<\/h3>\n<p data-start=\"1234\" data-end=\"1509\">\u0141\u00f3\u017ceczko <strong data-start=\"1243\" data-end=\"1252\">Naomi<\/strong> w wersji z szuflad\u0105 to praktyczne i estetyczne rozwi\u0105zanie do ka\u017cdego dzieci\u0119cego pokoju. Dolna cz\u0119\u015b\u0107 \u0142\u00f3\u017cka wyposa\u017cona jest w funkcjonaln\u0105 szuflad\u0119, kt\u00f3ra \u0142\u0105czy w sobie <strong data-start=\"1422\" data-end=\"1445\">pojemnik na po\u015bciel<\/strong> oraz <strong data-start=\"1451\" data-end=\"1473\">okazjonalne spanie<\/strong> \u2013 z wbudowanym materacem piankowym.<\/p>\n<p data-start=\"1511\" data-end=\"1605\">To idealne rozwi\u0105zanie na szybkie przenocowanie go\u015bci, rodze\u0144stwa lub jako miejsce na drzemki.<\/p>\n<hr data-start=\"1607\" data-end=\"1610\" \/>\n<h3 data-start=\"1612\" data-end=\"1637\">\ud83d\udce6 Co zawiera zestaw:<\/h3>\n<p data-start=\"1639\" data-end=\"1772\">\u2705 Rama \u0142\u00f3\u017ceczka<br data-start=\"1654\" data-end=\"1657\" \/>\u2705 Drewniany stela\u017c pod g\u0142\u00f3wne spanie<br data-start=\"1693\" data-end=\"1696\" \/>\u2705 Dolna szuflada z wbudowanym piankowym materacem i pojemnikiem na po\u015bciel<\/p>\n<p data-start=\"1774\" data-end=\"1886\">\ud83d\udeab <strong data-start=\"1777\" data-end=\"1809\">Barierka nie jest w zestawie<\/strong> \u2013 mo\u017cesz doda\u0107 j\u0105 poni\u017cej<br data-start=\"1835\" data-end=\"1838\" \/>\ud83d\udeab <strong data-start=\"1841\" data-end=\"1867\">G\u0142\u00f3wny materac (g\u00f3rny)<\/strong> \u2013 wybierany osobno<\/p>\n<hr data-start=\"1888\" data-end=\"1891\" \/>\n<h3 data-start=\"1893\" data-end=\"1931\">\ud83d\udccf Dodatkowy materac w szufladzie:<\/h3>\n<ul data-start=\"1933\" data-end=\"2148\">\n<li data-start=\"1933\" data-end=\"1992\">\n<p data-start=\"1935\" data-end=\"1992\">Szuflada posiada wbudowany, <strong data-start=\"1963\" data-end=\"1990\">twardy piankowy materac<\/strong><\/p>\n<\/li>\n<li data-start=\"1993\" data-end=\"2065\">\n<p data-start=\"1995\" data-end=\"2065\"><strong data-start=\"1995\" data-end=\"2037\">Wysuwa si\u0119 razem z zamocowan\u0105 barierk\u0105<\/strong> \u2013 je\u015bli zosta\u0142a dokupiona<\/p>\n<\/li>\n<li data-start=\"2066\" data-end=\"2148\">\n<p data-start=\"2068\" data-end=\"2148\"><strong data-start=\"2068\" data-end=\"2116\">Nie jest to pe\u0142nowymiarowe, codzienne spanie<\/strong> \u2013 s\u0142u\u017cy do okazjonalnego u\u017cytku<\/p>\n<\/li>\n<\/ul>\n<h4 data-start=\"2150\" data-end=\"2187\">\ud83d\udcd0 Rozmiar dodatkowego materaca:<\/h4>\n<div class=\"_tableContainer_80l1q_1\">\n<div class=\"_tableWrapper_80l1q_14 group flex w-fit flex-col-reverse\" tabindex=\"-1\">\n<table class=\"w-fit min-w-(--thread-content-width)\" data-start=\"2189\" data-end=\"2503\">\n<thead data-start=\"2189\" data-end=\"2268\">\n<tr data-start=\"2189\" data-end=\"2268\">\n<th data-start=\"2189\" data-end=\"2224\" data-col-size=\"sm\">Szeroko\u015b\u0107 \u0142\u00f3\u017cka (g\u0142\u00f3wny materac)<\/th>\n<th data-start=\"2224\" data-end=\"2234\" data-col-size=\"sm\">D\u0142ugo\u015b\u0107<\/th>\n<th data-start=\"2234\" data-end=\"2268\" data-col-size=\"sm\">Szeroko\u015b\u0107 dodatkowego materaca<\/th>\n<\/tr>\n<\/thead>\n<tbody data-start=\"2348\" data-end=\"2503\">\n<tr data-start=\"2348\" data-end=\"2425\">\n<td data-start=\"2348\" data-end=\"2383\" data-col-size=\"sm\">80 cm<\/td>\n<td data-col-size=\"sm\" data-start=\"2383\" data-end=\"2412\">Taka sama jak g\u00f3rne spanie<\/td>\n<td data-col-size=\"sm\" data-start=\"2412\" data-end=\"2425\"><strong data-start=\"2414\" data-end=\"2423\">67 cm<\/strong><\/td>\n<\/tr>\n<tr data-start=\"2426\" data-end=\"2503\">\n<td data-start=\"2426\" data-end=\"2461\" data-col-size=\"sm\">od 90 cm do 140 cm<\/td>\n<td data-col-size=\"sm\" data-start=\"2461\" data-end=\"2490\">Taka sama jak g\u00f3rne spanie<\/td>\n<td data-col-size=\"sm\" data-start=\"2490\" data-end=\"2503\"><strong data-start=\"2492\" data-end=\"2501\">80 cm<\/strong><\/td>\n<\/tr>\n<\/tbody>\n<\/table>\n<div class=\"sticky end-(--thread-content-margin) h-0 self-end select-none\">\n<div class=\"absolute end-0 flex items-end\"><\/div>\n<\/div>\n<\/div>\n<\/div>\n<hr data-start=\"2505\" data-end=\"2508\" \/>\n<h3 data-start=\"2510\" data-end=\"2539\">\ud83d\udd04 Wyb\u00f3r strony \u0142\u00f3\u017ceczka:<\/h3>\n<p data-start=\"2541\" data-end=\"2649\">Stron\u0119 okre\u015blamy patrz\u0105c <strong data-start=\"2566\" data-end=\"2585\">od frontu \u0142\u00f3\u017cka<\/strong> \u2013 po kt\u00f3rej stronie znajduje si\u0119 <strong data-start=\"2619\" data-end=\"2648\">zag\u0142\u00f3wek (wy\u017cszy element)<\/strong>.<\/p>\n<ul data-start=\"2651\" data-end=\"2766\">\n<li data-start=\"2651\" data-end=\"2700\">\n<p data-start=\"2653\" data-end=\"2700\">Wersja <strong data-start=\"2660\" data-end=\"2669\">prawa<\/strong> = zag\u0142\u00f3wek po prawej stronie<\/p>\n<\/li>\n<li data-start=\"2701\" data-end=\"2766\">\n<p data-start=\"2703\" data-end=\"2766\">Wersja <strong data-start=\"2710\" data-end=\"2718\">lewa<\/strong> = zag\u0142\u00f3wek po lewej stronie (lustrzane odbicie)<\/p>\n<\/li>\n<\/ul>\n<p data-start=\"2768\" data-end=\"2835\">\ud83d\uddbc\ufe0f <em data-start=\"2772\" data-end=\"2835\">W razie w\u0105tpliwo\u015bci mo\u017cesz skorzysta\u0107 z rysunku technicznego.<\/em><\/p>\n<hr data-start=\"2837\" data-end=\"2840\" \/>\n<h3 data-start=\"2842\" data-end=\"2871\">\ud83d\udd27 Barierka \u2013 informacje:<\/h3>\n<ul data-start=\"2873\" data-end=\"3118\">\n<li data-start=\"2873\" data-end=\"2921\">\n<p data-start=\"2875\" data-end=\"2921\">Montowana zawsze po <strong data-start=\"2895\" data-end=\"2919\">prawej stronie \u0142\u00f3\u017cka<\/strong><\/p>\n<\/li>\n<li data-start=\"2922\" data-end=\"2959\">\n<p data-start=\"2924\" data-end=\"2959\"><strong data-start=\"2924\" data-end=\"2957\">Brak mo\u017cliwo\u015bci zmiany strony<\/strong><\/p>\n<\/li>\n<li data-start=\"2960\" data-end=\"3051\">\n<p data-start=\"2962\" data-end=\"3051\">Jest <strong data-start=\"2967\" data-end=\"2983\">demontowalna<\/strong> \u2013 mo\u017cesz j\u0105 \u0142atwo zdejmowa\u0107 lub zak\u0142ada\u0107 w zale\u017cno\u015bci od potrzeby<\/p>\n<\/li>\n<li data-start=\"3052\" data-end=\"3118\">\n<p data-start=\"3054\" data-end=\"3118\">Je\u015bli barierka jest zamontowana, <strong data-start=\"3087\" data-end=\"3118\">wysuwa si\u0119 razem z szuflad\u0105<\/strong><\/p>\n<\/li>\n<\/ul>\n<hr data-start=\"3120\" data-end=\"3123\" \/>\n<h3 data-start=\"3125\" data-end=\"3167\">\ud83d\udecf\ufe0f G\u0142\u00f3wny materac \u2013 wyb\u00f3r opcjonalny:<\/h3>\n<p data-start=\"3169\" data-end=\"3259\">Mo\u017cesz doda\u0107 materac g\u00f3rny w konfiguratorze lub kupi\u0107 go osobno. Mo\u017cesz te\u017c u\u017cy\u0107 w\u0142asnego.<\/p>\n<div class=\"_tableContainer_80l1q_1\">\n<div class=\"_tableWrapper_80l1q_14 group flex w-fit flex-col-reverse\" tabindex=\"-1\">\n<table class=\"w-fit min-w-(--thread-content-width)\" data-start=\"3261\" data-end=\"3545\">\n<thead data-start=\"3261\" data-end=\"3293\">\n<tr data-start=\"3261\" data-end=\"3293\">\n<th data-start=\"3261\" data-end=\"3269\" data-col-size=\"sm\">Model<\/th>\n<th data-start=\"3269\" data-end=\"3278\" data-col-size=\"sm\">Budowa<\/th>\n<th data-start=\"3278\" data-end=\"3293\" data-col-size=\"md\">W\u0142a\u015bciwo\u015bci<\/th>\n<\/tr>\n<\/thead>\n<tbody data-start=\"3327\" data-end=\"3545\">\n<tr data-start=\"3327\" data-end=\"3437\">\n<td data-start=\"3327\" data-end=\"3340\" data-col-size=\"sm\"><strong data-start=\"3329\" data-end=\"3339\">Pocket<\/strong><\/td>\n<td data-col-size=\"sm\" data-start=\"3340\" data-end=\"3372\">Spr\u0119\u017cyny kieszeniowe + pianka<\/td>\n<td data-col-size=\"md\" data-start=\"3372\" data-end=\"3437\">Dwustronny, \u015brednio twardy (H3), wys. 15 cm, dobra wentylacja<\/td>\n<\/tr>\n<tr data-start=\"3438\" data-end=\"3545\">\n<td data-start=\"3438\" data-end=\"3450\" data-col-size=\"sm\"><strong data-start=\"3440\" data-end=\"3449\">Visco<\/strong><\/td>\n<td data-col-size=\"sm\" data-start=\"3450\" data-end=\"3484\">Pianka HR + warstwa memory foam<\/td>\n<td data-col-size=\"md\" data-start=\"3484\" data-end=\"3545\">Jednostronny, dopasowuje si\u0119 do cia\u0142a dziecka, komfortowy<\/td>\n<\/tr>\n<\/tbody>\n<\/table>\n<div class=\"sticky end-(--thread-content-margin) h-0 self-end select-none\">\n<div class=\"absolute end-0 flex items-end\"><\/div>\n<\/div>\n<\/div>\n<\/div>\n<hr data-start=\"3547\" data-end=\"3550\" \/>\n<h3 data-start=\"3552\" data-end=\"3587\">\ud83d\udcd0 Wymiary zewn\u0119trzne \u0142\u00f3\u017ceczka:<\/h3>\n<p data-start=\"3589\" data-end=\"3696\">Aby obliczy\u0107 rzeczywisty rozmiar \u0142\u00f3\u017cka Naomi, dodaj <strong data-start=\"3641\" data-end=\"3695\">+10 cm do d\u0142ugo\u015bci i +10 cm do szeroko\u015bci materaca<\/strong>.<\/p>\n<div class=\"_tableContainer_80l1q_1\">\n<div class=\"_tableWrapper_80l1q_14 group flex w-fit flex-col-reverse\" tabindex=\"-1\">\n<table class=\"w-fit min-w-(--thread-content-width)\" data-start=\"3698\" data-end=\"3853\">\n<thead data-start=\"3698\" data-end=\"3735\">\n<tr data-start=\"3698\" data-end=\"3735\">\n<th data-start=\"3698\" data-end=\"3708\" data-col-size=\"sm\">Materac<\/th>\n<th data-start=\"3708\" data-end=\"3735\" data-col-size=\"sm\">Wymiar zewn\u0119trzny \u0142\u00f3\u017cka<\/th>\n<\/tr>\n<\/thead>\n<tbody data-start=\"3774\" data-end=\"3853\">\n<tr data-start=\"3774\" data-end=\"3799\">\n<td data-start=\"3774\" data-end=\"3786\" data-col-size=\"sm\">160\u00d780 cm<\/td>\n<td data-col-size=\"sm\" data-start=\"3786\" data-end=\"3799\">170\u00d790 cm<\/td>\n<\/tr>\n<tr data-start=\"3800\" data-end=\"3826\">\n<td data-start=\"3800\" data-end=\"3812\" data-col-size=\"sm\">180\u00d790 cm<\/td>\n<td data-col-size=\"sm\" data-start=\"3812\" data-end=\"3826\">190\u00d7100 cm<\/td>\n<\/tr>\n<tr data-start=\"3827\" data-end=\"3853\">\n<td data-start=\"3827\" data-end=\"3839\" data-col-size=\"sm\">200\u00d790 cm<\/td>\n<td data-col-size=\"sm\" data-start=\"3839\" data-end=\"3853\">210\u00d7100 cm<\/td>\n<\/tr>\n<\/tbody>\n<\/table>\n<div class=\"sticky end-(--thread-content-margin) h-0 self-end select-none\">\n<div class=\"absolute end-0 flex items-end\"><\/div>\n<\/div>\n<\/div>\n<\/div>\n<hr data-start=\"3855\" data-end=\"3858\" \/>\n<h3 data-start=\"3860\" data-end=\"3885\">\ud83d\udccf Wysoko\u015b\u0107 zag\u0142\u00f3wka:<\/h3>\n<p data-start=\"3887\" data-end=\"3987\">Mierzona <strong data-start=\"3896\" data-end=\"3932\">od pod\u0142ogi do najwy\u017cszego punktu<\/strong> \u2013 wybierasz j\u0105 w konfiguratorze (np. 80 cm lub 100 cm)<\/p>\n<hr data-start=\"3989\" data-end=\"3992\" \/>\n<h3 data-start=\"3994\" data-end=\"4030\">\ud83e\udeb5 Materia\u0142y i jako\u015b\u0107 wykonania:<\/h3>\n<ul data-start=\"4032\" data-end=\"4187\">\n<li data-start=\"4032\" data-end=\"4053\">\n<p data-start=\"4034\" data-end=\"4053\">Lite drewno + MDF<\/p>\n<\/li>\n<li data-start=\"4054\" data-end=\"4088\">\n<p data-start=\"4056\" data-end=\"4088\">Zaokr\u0105glone, g\u0142adkie kraw\u0119dzie<\/p>\n<\/li>\n<li data-start=\"4089\" data-end=\"4126\">\n<p data-start=\"4091\" data-end=\"4126\">Farby i lakiery z atestem EN 71-3<\/p>\n<\/li>\n<li data-start=\"4127\" data-end=\"4187\">\n<p data-start=\"4129\" data-end=\"4187\">Produkt wykonywany r\u0119cznie, <strong data-start=\"4157\" data-end=\"4187\">na indywidualne zam\u00f3wienie<\/strong><\/p>\n<\/li>\n<\/ul>\n<hr data-start=\"4189\" data-end=\"4192\" \/>\n<h3 data-start=\"4194\" data-end=\"4227\">\u23f1\ufe0f Czas realizacji i dostawa:<\/h3>\n<ul data-start=\"4229\" data-end=\"4348\">\n<li data-start=\"4229\" data-end=\"4264\">\n<p data-start=\"4231\" data-end=\"4264\">Czas produkcji: <strong data-start=\"4247\" data-end=\"4262\">8\u20139 tygodni<\/strong><\/p>\n<\/li>\n<li data-start=\"4265\" data-end=\"4294\">\n<p data-start=\"4267\" data-end=\"4294\">Dostawa na terenie Polski<\/p>\n<\/li>\n<li data-start=\"4295\" data-end=\"4348\">\n<p data-start=\"4297\" data-end=\"4348\">Mo\u017cliwo\u015b\u0107 dokupienia opcji <strong data-start=\"4324\" data-end=\"4348\">wniesienia i monta\u017cu<\/strong><\/p>\n<\/li>\n<\/ul>\n","protected":false},"excerpt":{"rendered":"<p>\ud83d\udecf\ufe0f \u0141\u00f3\u017ceczko Naomi z szuflad\u0105 i dodatkowym okazjonalnym spaniem Zestaw zawiera: \u0142\u00f3\u017ceczko + drewniany stela\u017c + dolna szuflada z pojemnikiem i wbudowanym piankowym materacem(barierka ochronna i g\u0142\u00f3wny materac nie s\u0105 w zestawie \u2013 mo\u017cesz dobra\u0107 je osobno poni\u017cej) \ud83d\udd14 Wa\u017cne: \u0142\u00f3\u017ceczko Naomi ma konstrukcj\u0119 uniwersaln\u0105 \u2013 wyb\u00f3r strony (lewa\/prawa) NIE wp\u0142ywa na jego budow\u0119.Barierka ochronna [&hellip;]<\/p>\n","protected":false},"featured_media":7442,"comment_status":"open","ping_status":"closed","template":"","meta":[],"product_brand":[],"product_cat":[90],"product_tag":[],"class_list":{"0":"post-1173","1":"product","2":"type-product","3":"status-publish","4":"has-post-thumbnail","6":"product_cat-lozka-dzieciece","7":"tm-has-options","9":"first","10":"instock","11":"shipping-taxable","12":"purchasable","13":"product-type-simple"},"_links":{"self":[{"href":"https:\/\/zula-kids.pl\/nowy\/wp-json\/wp\/v2\/product\/1173","targetHints":{"allow":["GET"]}}],"collection":[{"href":"https:\/\/zula-kids.pl\/nowy\/wp-json\/wp\/v2\/product"}],"about":[{"href":"https:\/\/zula-kids.pl\/nowy\/wp-json\/wp\/v2\/types\/product"}],"replies":[{"embeddable":true,"href":"https:\/\/zula-kids.pl\/nowy\/wp-json\/wp\/v2\/comments?post=1173"}],"wp:featuredmedia":[{"embeddable":true,"href":"https:\/\/zula-kids.pl\/nowy\/wp-json\/wp\/v2\/media\/7442"}],"wp:attachment":[{"href":"https:\/\/zula-kids.pl\/nowy\/wp-json\/wp\/v2\/media?parent=1173"}],"wp:term":[{"taxonomy":"product_brand","embeddable":true,"href":"https:\/\/zula-kids.pl\/nowy\/wp-json\/wp\/v2\/product_brand?post=1173"},{"taxonomy":"product_cat","embeddable":true,"href":"https:\/\/zula-kids.pl\/nowy\/wp-json\/wp\/v2\/product_cat?post=1173"},{"taxonomy":"product_tag","embeddable":true,"href":"https:\/\/zula-kids.pl\/nowy\/wp-json\/wp\/v2\/product_tag?post=1173"}],"curies":[{"name":"wp","href":"https:\/\/api.w.org\/{rel}","templated":true}]}}