{"id":7924,"date":"2025-10-02T14:15:46","date_gmt":"2025-10-02T12:15:46","guid":{"rendered":"https:\/\/zula-kids.pl\/nowy\/?page_id=7924"},"modified":"2025-10-10T12:33:47","modified_gmt":"2025-10-10T10:33:47","slug":"strefa-architekta","status":"publish","type":"page","link":"https:\/\/zula-kids.pl\/nowy\/strefa-architekta\/","title":{"rendered":"Strefa architekta"},"content":{"rendered":"\t\t<div data-elementor-type=\"wp-page\" data-elementor-id=\"7924\" class=\"elementor elementor-7924\">\n\t\t\t\t<div class=\"elementor-element elementor-element-44eec49b e-flex e-con-boxed qodef-elementor-content-no e-con e-parent\" data-id=\"44eec49b\" data-element_type=\"container\">\n\t\t\t\t\t<div class=\"e-con-inner\">\n\t\t\t\t<div class=\"elementor-element elementor-element-6752c294 elementor-widget elementor-widget-tobel_core_section_title\" data-id=\"6752c294\" data-element_type=\"widget\" data-widget_type=\"tobel_core_section_title.default\">\n\t\t\t\t<div class=\"elementor-widget-container\">\n\t\t\t\t\t<div class=\"qodef-shortcode qodef-m qodef-section-title qodef-alignment--center\">\n\t\t<p class=\"qodef-m-subtitle\" style=\"font-size: 40px\">\n\t\tWSZYSTKO\t<\/p>\n\t\t<h5 class=\"qodef-m-title\" >\n\t\t\t\t\tW JEDNYM MIEJSCU\t\t\t<\/h5>\n\t\t<p class=\"qodef-m-text\" >Pomagamy profesjonalistom tworzy\u0107 najpi\u0119kniejsze wn\u0119trza. Do\u0142\u0105cz do programu partnerskiego ZULAKIDS i zaprojektuj przestrze\u0144 idealnie dopasowan\u0105 do potrzeb Twoich klient\u00f3w.<\/p>\n<\/div>\n\t\t\t\t<\/div>\n\t\t\t\t<\/div>\n\t\t\t\t\t<\/div>\n\t\t\t\t<\/div>\n\t\t<div class=\"elementor-element elementor-element-3ad207e5 e-con-full e-flex qodef-elementor-content-no e-con e-parent\" data-id=\"3ad207e5\" data-element_type=\"container\">\n\t\t\t\t<div class=\"elementor-element elementor-element-3458fd7b elementor-widget elementor-widget-tobel_core_section_title\" data-id=\"3458fd7b\" data-element_type=\"widget\" data-widget_type=\"tobel_core_section_title.default\">\n\t\t\t\t<div class=\"elementor-widget-container\">\n\t\t\t\t\t<div class=\"qodef-shortcode qodef-m qodef-section-title qodef-alignment--center\">\n\t\t<p class=\"qodef-m-subtitle\" style=\"font-size: 40px\">\n\t\tSPRAWD\u0179\t<\/p>\n\t\t<h5 class=\"qodef-m-title\" >\n\t\t\t\t\tBENEFITY\t\t\t<\/h5>\n\t<\/div>\n\t\t\t\t<\/div>\n\t\t\t\t<\/div>\n\t\t<div class=\"elementor-element elementor-element-5b941d79 e-con-full e-grid qodef-elementor-content-no e-con e-child\" data-id=\"5b941d79\" data-element_type=\"container\">\n\t\t\t\t<div class=\"elementor-element elementor-element-366db591 elementor-widget elementor-widget-tobel_core_icon_with_text\" data-id=\"366db591\" data-element_type=\"widget\" data-widget_type=\"tobel_core_icon_with_text.default\">\n\t\t\t\t<div class=\"elementor-widget-container\">\n\t\t\t\t\t<div class=\"qodef-shortcode qodef-m qodef-icon-with-text qodef-layout--top qodef--custom-icon qodef-alignment--center\">\n\t<div class=\"qodef-m-icon-wrapper\">\n\t\t\t\t\t<img decoding=\"async\" width=\"24\" height=\"24\" src=\"https:\/\/zula-kids.pl\/nowy\/wp-content\/uploads\/2025\/10\/app_registration_24dp_B59175_FILL0_wght400_GRAD0_opsz24.svg\" class=\"attachment-full size-full\" alt=\"\" \/>\t\t<\/div>\n\t<div class=\"qodef-m-content\">\n\t\t\t<h5 class=\"qodef-m-title\" style=\"color: #000000\">\n\t\t\t\t\t<span class=\"qodef-m-title-text\">Pr\u00f3bki tkanin<\/span>\n\t\t\t<\/h5>\n\t\t\t<\/div>\n<\/div>\n\t\t\t\t<\/div>\n\t\t\t\t<\/div>\n\t\t\t\t<div class=\"elementor-element elementor-element-40eca580 elementor-widget elementor-widget-tobel_core_icon_with_text\" data-id=\"40eca580\" data-element_type=\"widget\" data-widget_type=\"tobel_core_icon_with_text.default\">\n\t\t\t\t<div class=\"elementor-widget-container\">\n\t\t\t\t\t<div class=\"qodef-shortcode qodef-m qodef-icon-with-text qodef-layout--top qodef--custom-icon qodef-alignment--center\">\n\t<div class=\"qodef-m-icon-wrapper\">\n\t\t\t\t\t<img decoding=\"async\" width=\"24\" height=\"24\" src=\"https:\/\/zula-kids.pl\/nowy\/wp-content\/uploads\/2025\/10\/3d_rotation_24dp_B59175_FILL0_wght400_GRAD0_opsz24.svg\" class=\"attachment-full size-full\" alt=\"\" \/>\t\t<\/div>\n\t<div class=\"qodef-m-content\">\n\t\t\t<h5 class=\"qodef-m-title\" style=\"color: #000000\">\n\t\t\t\t\t<span class=\"qodef-m-title-text\">Modele 3D<\/span>\n\t\t\t<\/h5>\n\t\t\t<\/div>\n<\/div>\n\t\t\t\t<\/div>\n\t\t\t\t<\/div>\n\t\t\t\t<div class=\"elementor-element elementor-element-17613b9 elementor-widget elementor-widget-tobel_core_icon_with_text\" data-id=\"17613b9\" data-element_type=\"widget\" data-widget_type=\"tobel_core_icon_with_text.default\">\n\t\t\t\t<div class=\"elementor-widget-container\">\n\t\t\t\t\t<div class=\"qodef-shortcode qodef-m qodef-icon-with-text qodef-layout--top qodef--custom-icon qodef-alignment--center\">\n\t<div class=\"qodef-m-icon-wrapper\">\n\t\t\t\t\t<img decoding=\"async\" width=\"24\" height=\"24\" src=\"https:\/\/zula-kids.pl\/nowy\/wp-content\/uploads\/2025\/10\/texture_24dp_B59175_FILL0_wght400_GRAD0_opsz24.svg\" class=\"attachment-full size-full\" alt=\"\" \/>\t\t<\/div>\n\t<div class=\"qodef-m-content\">\n\t\t\t<h5 class=\"qodef-m-title\" style=\"color: #000000\">\n\t\t\t\t\t<span class=\"qodef-m-title-text\">Tekstury<\/span>\n\t\t\t<\/h5>\n\t\t\t<\/div>\n<\/div>\n\t\t\t\t<\/div>\n\t\t\t\t<\/div>\n\t\t\t\t<div class=\"elementor-element elementor-element-18e3a63 elementor-widget elementor-widget-tobel_core_icon_with_text\" data-id=\"18e3a63\" data-element_type=\"widget\" data-widget_type=\"tobel_core_icon_with_text.default\">\n\t\t\t\t<div class=\"elementor-widget-container\">\n\t\t\t\t\t<div class=\"qodef-shortcode qodef-m qodef-icon-with-text qodef-layout--top qodef--custom-icon qodef-alignment--center\">\n\t<div class=\"qodef-m-icon-wrapper\">\n\t\t\t\t\t<img loading=\"lazy\" decoding=\"async\" width=\"24\" height=\"24\" src=\"https:\/\/zula-kids.pl\/nowy\/wp-content\/uploads\/2025\/10\/identity_platform_24dp_B59175_FILL0_wght400_GRAD0_opsz24.svg\" class=\"attachment-full size-full\" alt=\"\" \/>\t\t<\/div>\n\t<div class=\"qodef-m-content\">\n\t\t\t<h5 class=\"qodef-m-title\" style=\"color: #000000\">\n\t\t\t\t\t<span class=\"qodef-m-title-text\">Opiekun<\/span>\n\t\t\t<\/h5>\n\t\t\t<\/div>\n<\/div>\n\t\t\t\t<\/div>\n\t\t\t\t<\/div>\n\t\t\t\t<\/div>\n\t\t\t\t<\/div>\n\t\t<div class=\"elementor-element elementor-element-4a1b663 e-flex e-con-boxed qodef-elementor-content-no e-con e-parent\" data-id=\"4a1b663\" data-element_type=\"container\">\n\t\t\t\t\t<div class=\"e-con-inner\">\n\t\t\t\t<div class=\"elementor-element elementor-element-03a4c9d elementor-widget elementor-widget-spacer\" data-id=\"03a4c9d\" data-element_type=\"widget\" data-widget_type=\"spacer.default\">\n\t\t\t\t\t\t\t<div class=\"elementor-spacer\">\n\t\t\t<div class=\"elementor-spacer-inner\"><\/div>\n\t\t<\/div>\n\t\t\t\t\t\t<\/div>\n\t\t\t\t<div class=\"elementor-element elementor-element-205daa7 elementor-widget elementor-widget-shortcode\" data-id=\"205daa7\" data-element_type=\"widget\" data-widget_type=\"shortcode.default\">\n\t\t\t\t\t\t\t<div class=\"elementor-shortcode\"><div class=\"woocommerce\"><\/div><\/div>\n\t\t\t\t\t\t<\/div>\n\t\t\t\t\t<\/div>\n\t\t\t\t<\/div>\n\t\t\t\t<\/div>\n\t\t","protected":false},"excerpt":{"rendered":"<p>WSZYSTKO W JEDNYM MIEJSCU Pomagamy profesjonalistom tworzy\u0107 najpi\u0119kniejsze wn\u0119trza. Do\u0142\u0105cz do programu partnerskiego ZULAKIDS i zaprojektuj przestrze\u0144 idealnie dopasowan\u0105 do potrzeb Twoich klient\u00f3w. SPRAWD\u0179 BENEFITY Pr\u00f3bki tkanin Modele 3D Tekstury Opiekun<\/p>\n","protected":false},"author":1,"featured_media":0,"parent":0,"menu_order":0,"comment_status":"closed","ping_status":"closed","template":"","meta":{"footnotes":""},"class_list":["post-7924","page","type-page","status-publish","hentry"],"_links":{"self":[{"href":"https:\/\/zula-kids.pl\/nowy\/wp-json\/wp\/v2\/pages\/7924","targetHints":{"allow":["GET"]}}],"collection":[{"href":"https:\/\/zula-kids.pl\/nowy\/wp-json\/wp\/v2\/pages"}],"about":[{"href":"https:\/\/zula-kids.pl\/nowy\/wp-json\/wp\/v2\/types\/page"}],"author":[{"embeddable":true,"href":"https:\/\/zula-kids.pl\/nowy\/wp-json\/wp\/v2\/users\/1"}],"replies":[{"embeddable":true,"href":"https:\/\/zula-kids.pl\/nowy\/wp-json\/wp\/v2\/comments?post=7924"}],"version-history":[{"count":15,"href":"https:\/\/zula-kids.pl\/nowy\/wp-json\/wp\/v2\/pages\/7924\/revisions"}],"predecessor-version":[{"id":8257,"href":"https:\/\/zula-kids.pl\/nowy\/wp-json\/wp\/v2\/pages\/7924\/revisions\/8257"}],"wp:attachment":[{"href":"https:\/\/zula-kids.pl\/nowy\/wp-json\/wp\/v2\/media?parent=7924"}],"curies":[{"name":"wp","href":"https:\/\/api.w.org\/{rel}","templated":true}]}}