{"id":7861,"date":"2025-10-01T06:27:32","date_gmt":"2025-10-01T04:27:32","guid":{"rendered":"https:\/\/zula-kids.pl\/nowy\/?page_id=7861"},"modified":"2025-10-01T06:27:34","modified_gmt":"2025-10-01T04:27:34","slug":"polityka-zwrotow","status":"publish","type":"page","link":"https:\/\/zula-kids.pl\/nowy\/polityka-zwrotow\/","title":{"rendered":"Polityka zwrot\u00f3w"},"content":{"rendered":"\n<p>Polityka zwrot\u00f3w i refundacji:<\/p>\n\n\n\n<p>Przys\u0142uguje Ci prawo do rezygnacji z zam\u00f3wienia w ci\u0105gu 30 dni bez podania przyczyny.<\/p>\n\n\n\n<p>Termin rezygnacji z zam\u00f3wienia wynosi 30 dni od dnia otrzymania towaru lub od dnia, w kt\u00f3rym wskazana przez Ciebie osoba trzecia, niepe\u0142ni\u0105ca funkcji przewo\u017anika, wesz\u0142a w posiadanie dostarczonego produktu.<\/p>\n\n\n\n<p>Aby skorzysta\u0107 z prawa do odst\u0105pienia od umowy, musisz poinformowa\u0107 nas o swojej decyzji poprzez z\u0142o\u017cenie jednoznacznego o\u015bwiadczenia.<\/p>\n\n\n\n<p>O swojej decyzji mo\u017cesz nas poinformowa\u0107 drog\u0105 mailow\u0105 pisz\u0105c na adres <a href=\"mailto:kontakt@krakowmebluje.pl\" target=\"_blank\" rel=\"noreferrer noopener\">kontakt@zulakids.pl<\/a><\/p>\n\n\n\n<p>Zwrotu koszt\u00f3w dokonamy nie p\u00f3\u017aniej ni\u017c w ci\u0105gu 30 dni od dnia otrzymania przez nas zwr\u00f3conych towar\u00f3w. Wykorzystamy ten sam spos\u00f3b p\u0142atno\u015bci, kt\u00f3ry zosta\u0142 u\u017cyty przez Ciebie do z\u0142o\u017cenia zam\u00f3wienia, a Ty nie poniesiesz \u017cadnych op\u0142at z tytu\u0142u takiego zwrotu.<\/p>\n\n\n\n<h4 class=\"wp-block-heading\">Warunki zwrot\u00f3w:<\/h4>\n\n\n\n<p>Aby towar kwalifikowa\u0142 si\u0119 do zwrotu, upewnij si\u0119, \u017ce:<\/p>\n\n\n\n<ul class=\"wp-block-list\">\n<li>Towar zosta\u0142 zakupiony w ci\u0105gu ostatnich 30 dni<\/li>\n\n\n\n<li>Towar umieszczony jest w oryginalnym opakowaniu<\/li>\n<\/ul>\n\n\n\n<p>Zwrotowi nie podlegaj\u0105 nast\u0119puj\u0105ce towary:<\/p>\n\n\n\n<ul class=\"wp-block-list\">\n<li>Towary wykonane na zam\u00f3wienie lub \u015bci\u015ble spersonalizowane.<\/li>\n\n\n\n<li>Towary, kt\u00f3re ze wzgl\u0119du na sw\u00f3j charakter nie mog\u0105 by\u0107 zwr\u00f3cone, np. towary, kt\u00f3re ulegaj\u0105 szybkiemu zepsuciu lub kt\u00f3rych data wa\u017cno\u015bci min\u0119\u0142a.<\/li>\n\n\n\n<li>Towary, kt\u00f3re ze wzgl\u0119du na bezpiecze\u0144stwo zdrowotne lub higieniczne nie nadaj\u0105 si\u0119 do zwrotu i po dostarczeniu zosta\u0142y rozpakowane.<\/li>\n\n\n\n<li>Towary, kt\u00f3re po ich dostarczeniu, zgodnie ze swoim charakterem, zostan\u0105 nierozerwalnie po\u0142\u0105czone z innymi przedmiotami.<\/li>\n<\/ul>\n\n\n\n<p>Zastrzegamy sobie prawo do odmowy przyj\u0119cia zwrotu towaru, kt\u00f3ry nie spe\u0142nia powy\u017cszych warunk\u00f3w zwrotu. Decyzj\u0119 o zwrocie podejmujemy wed\u0142ug w\u0142asnego uznania.<\/p>\n\n\n\n<h4 class=\"wp-block-heading\">Zwrot towar\u00f3w<\/h4>\n\n\n\n<p>Klient ponosi koszty i ryzyko zwi\u0105zane z odes\u0142aniem towaru do nas. Towar nale\u017cy wys\u0142a\u0107 na nast\u0119puj\u0105cy adres:<\/p>\n\n\n\n<p>63-604 Baran\u00f3w ul. Jarz\u0119binowa 37<\/p>\n\n\n\n<p>Nie ponosimy odpowiedzialno\u015bci za towary uszkodzone lub zagubione w trakcie transportu zwrotnego. Z tego wzgl\u0119du zalecamy korzystanie z ubezpiecze\u0144 i us\u0142ugi \u015bledzenia przesy\u0142ek pocztowych. Nie mo\u017cemy dokona\u0107 zwrotu pieni\u0119dzy je\u015bli nie otrzymamy towaru lub potwierdzenia przyj\u0119cia przez nas przesy\u0142ki zwrotnej.<\/p>\n\n\n\n<h4 class=\"wp-block-heading\">Prezenty:<\/h4>\n\n\n\n<p>Je\u015bli towar zosta\u0142 oznaczony jako prezent w momencie zakupu, a nast\u0119pnie wys\u0142any bezpo\u015brednio do Ciebie, otrzymasz bon upominkowy o warto\u015bci r\u00f3wnej warto\u015bci zwr\u00f3conego towaru. Po otrzymaniu zwr\u00f3conego produktu zostanie do Ciebie wys\u0142any bon upominkowy.<\/p>\n\n\n\n<p>Je\u015bli towar nie by\u0142 oznaczony jako prezent w momencie zakupu lub osoba obdarowuj\u0105ca wys\u0142a\u0142a zam\u00f3wienie do siebie, aby p\u00f3\u017aniej przekaza\u0107 produkt Tobie, wy\u015blemy zwrot pieni\u0119dzy do osoby wr\u0119czaj\u0105cej prezent.<\/p>\n\n\n\n<h4 class=\"wp-block-heading\">Kontakt do nas<\/h4>\n\n\n\n<p>Je\u015bli masz jakiekolwiek pytania dotycz\u0105ce naszej Polityki Zwrot\u00f3w i Refundacji, skontaktuj si\u0119 z nami drog\u0105 mailow\u0105 na adres <a href=\"mailto:kontakt@krakowmebluje.pl\" target=\"_blank\" rel=\"noreferrer noopener\">kontakt@zulakids.pl<\/a><\/p>\n","protected":false},"excerpt":{"rendered":"<p>Polityka zwrot\u00f3w i refundacji: Przys\u0142uguje Ci prawo do rezygnacji z zam\u00f3wienia w ci\u0105gu 30 dni bez podania przyczyny. Termin rezygnacji z zam\u00f3wienia wynosi 30 dni od dnia otrzymania towaru lub od dnia, w kt\u00f3rym wskazana przez Ciebie osoba trzecia, niepe\u0142ni\u0105ca funkcji przewo\u017anika, wesz\u0142a w posiadanie dostarczonego produktu. Aby skorzysta\u0107 z prawa do odst\u0105pienia od umowy, [&hellip;]<\/p>\n","protected":false},"author":1,"featured_media":0,"parent":0,"menu_order":0,"comment_status":"closed","ping_status":"closed","template":"","meta":{"footnotes":""},"class_list":["post-7861","page","type-page","status-publish","hentry"],"_links":{"self":[{"href":"https:\/\/zula-kids.pl\/nowy\/wp-json\/wp\/v2\/pages\/7861","targetHints":{"allow":["GET"]}}],"collection":[{"href":"https:\/\/zula-kids.pl\/nowy\/wp-json\/wp\/v2\/pages"}],"about":[{"href":"https:\/\/zula-kids.pl\/nowy\/wp-json\/wp\/v2\/types\/page"}],"author":[{"embeddable":true,"href":"https:\/\/zula-kids.pl\/nowy\/wp-json\/wp\/v2\/users\/1"}],"replies":[{"embeddable":true,"href":"https:\/\/zula-kids.pl\/nowy\/wp-json\/wp\/v2\/comments?post=7861"}],"version-history":[{"count":0,"href":"https:\/\/zula-kids.pl\/nowy\/wp-json\/wp\/v2\/pages\/7861\/revisions"}],"wp:attachment":[{"href":"https:\/\/zula-kids.pl\/nowy\/wp-json\/wp\/v2\/media?parent=7861"}],"curies":[{"name":"wp","href":"https:\/\/api.w.org\/{rel}","templated":true}]}}