{"id":2000,"date":"2021-04-20T14:59:29","date_gmt":"2021-04-20T14:59:29","guid":{"rendered":"https:\/\/tobel.qodeinteractive.com\/?page_id=2000"},"modified":"2025-10-10T23:11:29","modified_gmt":"2025-10-10T21:11:29","slug":"o-nas","status":"publish","type":"page","link":"https:\/\/zula-kids.pl\/nowy\/o-nas\/","title":{"rendered":"O Nas"},"content":{"rendered":"\t\t<div data-elementor-type=\"wp-page\" data-elementor-id=\"2000\" class=\"elementor elementor-2000\">\n\t\t\t\t\t\t<section class=\"elementor-section elementor-top-section elementor-element elementor-element-6c1e2aa0 elementor-section-full_width qodef-elementor-content-grid elementor-section-height-default elementor-section-height-default qodef-elementor-overlay-no\" data-id=\"6c1e2aa0\" data-element_type=\"section\">\n\t\t\t\t\t\t<div class=\"elementor-container elementor-column-gap-default\">\n\t\t\t\t\t<div class=\"elementor-column elementor-col-50 elementor-top-column elementor-element elementor-element-58d80f57\" data-id=\"58d80f57\" data-element_type=\"column\">\n\t\t\t<div class=\"elementor-widget-wrap elementor-element-populated\">\n\t\t\t\t\t\t<div class=\"elementor-element elementor-element-6fc55d2c elementor-widget elementor-widget-tobel_core_section_title\" data-id=\"6fc55d2c\" data-element_type=\"widget\" data-widget_type=\"tobel_core_section_title.default\">\n\t\t\t\t<div class=\"elementor-widget-container\">\n\t\t\t\t\t<div class=\"qodef-shortcode qodef-m qodef-section-title qodef-alignment--left\">\n\t\t<p class=\"qodef-m-subtitle\" style=\"margin-bottom: -7px;font-size: 50px\">\n\t\t O firmie\t<\/p>\n\t\t<h3 class=\"qodef-m-title\" >\n\t\t\t\t\t Jeste\u015bmy liderem\t\t\t<\/h3>\n\t\t<p class=\"qodef-m-text\" style=\"margin-top: 24px\">Zulakids  to miejsce, w kt\u00f3rym wierzymy, \u017ce znajdziesz odpowiedni produkt spe\u0142niaj\u0105cy swoje oczekiwania<\/p>\n<\/div>\n\t\t\t\t<\/div>\n\t\t\t\t<\/div>\n\t\t\t\t<div class=\"elementor-element elementor-element-3ebe8d73 elementor-widget elementor-widget-text-editor\" data-id=\"3ebe8d73\" data-element_type=\"widget\" data-widget_type=\"text-editor.default\">\n\t\t\t\t\t\t\t\t\t<p>Od samego pocz\u0105tku oferujemy naszym klientom form\u0119 i styl kt\u00f3ry wzbudza zachwyt. Dopasuj jakie kolory i style wzbudzaj\u0105 w Tobie pozytywn\u0105 energi\u0119 i zrealizuj sw\u00f3j pomys\u0142, mo\u017cesz wprowadzi\u0107 zmiany w meblu, dopasowa\u0107 jego form\u0119 oraz kolor a tak\u017ce samemu zaprojektowa\u0107 sw\u00f3j mebel.<\/p><p><strong>Jeste\u015bmy dla was !<\/strong><\/p>\t\t\t\t\t\t\t\t<\/div>\n\t\t\t\t\t<\/div>\n\t\t<\/div>\n\t\t\t\t<div class=\"elementor-column elementor-col-50 elementor-top-column elementor-element elementor-element-1b311c8\" data-id=\"1b311c8\" data-element_type=\"column\">\n\t\t\t<div class=\"elementor-widget-wrap elementor-element-populated\">\n\t\t\t\t\t\t<div class=\"elementor-element elementor-element-06e88c0 elementor-widget elementor-widget-image\" data-id=\"06e88c0\" data-element_type=\"widget\" data-widget_type=\"image.default\">\n\t\t\t\t\t\t\t\t\t\t\t\t\t\t\t<img fetchpriority=\"high\" decoding=\"async\" width=\"1024\" height=\"1024\" src=\"https:\/\/zula-kids.pl\/nowy\/wp-content\/uploads\/2025\/09\/IMG-20241108-WA0002-1024x1024-1.jpg\" class=\"attachment-large size-large wp-image-7292\" alt=\"\" srcset=\"https:\/\/zula-kids.pl\/nowy\/wp-content\/uploads\/2025\/09\/IMG-20241108-WA0002-1024x1024-1.jpg 1024w, https:\/\/zula-kids.pl\/nowy\/wp-content\/uploads\/2025\/09\/IMG-20241108-WA0002-1024x1024-1-300x300.jpg 300w, https:\/\/zula-kids.pl\/nowy\/wp-content\/uploads\/2025\/09\/IMG-20241108-WA0002-1024x1024-1-100x100.jpg 100w, https:\/\/zula-kids.pl\/nowy\/wp-content\/uploads\/2025\/09\/IMG-20241108-WA0002-1024x1024-1-600x600.jpg 600w, https:\/\/zula-kids.pl\/nowy\/wp-content\/uploads\/2025\/09\/IMG-20241108-WA0002-1024x1024-1-150x150.jpg 150w, https:\/\/zula-kids.pl\/nowy\/wp-content\/uploads\/2025\/09\/IMG-20241108-WA0002-1024x1024-1-768x768.jpg 768w, https:\/\/zula-kids.pl\/nowy\/wp-content\/uploads\/2025\/09\/IMG-20241108-WA0002-1024x1024-1-650x650.jpg 650w\" sizes=\"(max-width: 1024px) 100vw, 1024px\" \/>\t\t\t\t\t\t\t\t\t\t\t\t\t\t\t<\/div>\n\t\t\t\t\t<\/div>\n\t\t<\/div>\n\t\t\t\t\t<\/div>\n\t\t<\/section>\n\t\t\t\t<\/div>\n\t\t","protected":false},"excerpt":{"rendered":"<p>O firmie Jeste\u015bmy liderem Zulakids to miejsce, w kt\u00f3rym wierzymy, \u017ce znajdziesz odpowiedni produkt spe\u0142niaj\u0105cy swoje oczekiwania Od samego pocz\u0105tku oferujemy naszym klientom form\u0119 i styl kt\u00f3ry wzbudza zachwyt. Dopasuj jakie kolory i style wzbudzaj\u0105 w Tobie pozytywn\u0105 energi\u0119 i zrealizuj sw\u00f3j pomys\u0142, mo\u017cesz wprowadzi\u0107 zmiany w meblu, dopasowa\u0107 jego form\u0119 oraz kolor a tak\u017ce [&hellip;]<\/p>\n","protected":false},"author":1,"featured_media":0,"parent":0,"menu_order":0,"comment_status":"closed","ping_status":"closed","template":"page-full-width.php","meta":{"footnotes":""},"class_list":["post-2000","page","type-page","status-publish","hentry"],"_links":{"self":[{"href":"https:\/\/zula-kids.pl\/nowy\/wp-json\/wp\/v2\/pages\/2000","targetHints":{"allow":["GET"]}}],"collection":[{"href":"https:\/\/zula-kids.pl\/nowy\/wp-json\/wp\/v2\/pages"}],"about":[{"href":"https:\/\/zula-kids.pl\/nowy\/wp-json\/wp\/v2\/types\/page"}],"author":[{"embeddable":true,"href":"https:\/\/zula-kids.pl\/nowy\/wp-json\/wp\/v2\/users\/1"}],"replies":[{"embeddable":true,"href":"https:\/\/zula-kids.pl\/nowy\/wp-json\/wp\/v2\/comments?post=2000"}],"version-history":[{"count":6,"href":"https:\/\/zula-kids.pl\/nowy\/wp-json\/wp\/v2\/pages\/2000\/revisions"}],"predecessor-version":[{"id":8286,"href":"https:\/\/zula-kids.pl\/nowy\/wp-json\/wp\/v2\/pages\/2000\/revisions\/8286"}],"wp:attachment":[{"href":"https:\/\/zula-kids.pl\/nowy\/wp-json\/wp\/v2\/media?parent=2000"}],"curies":[{"name":"wp","href":"https:\/\/api.w.org\/{rel}","templated":true}]}}